{"id":15740,"date":"2026-04-10T18:44:01","date_gmt":"2026-04-10T18:44:01","guid":{"rendered":""},"modified":"2026-04-10T18:44:01","modified_gmt":"2026-04-10T18:44:01","slug":"bico-browni-nahast-katised-randmepaelad-metallist-sisestusega-bwe2-brown-50mm-1-31-32","status":"publish","type":"product","link":"https:\/\/bico.ee\/lv\/p\/bico-brown-adas-aproces-plaukstas-lentes-ar-metala-ieliktni-bwe2-brown-50mm-1-31-32\/","title":{"rendered":"Bico Brown \u0101das aproces \/ plaukstas lentes ar met\u0101la ieliktni (BWE2 Brown) 50mm 1 31\/32\u2033"},"content":{"rendered":"<p>\u012asta govs sl\u0113pj \u0101du ar cil\u0161u rakstiem, kas sadedzin\u0101ti sej\u0101, un virs\u016b knied\u0113ts liels met\u0101la elements. Ir 3 komplekt\u0113jo\u0161as kniedes, kas \u013cauj noteikt da\u017e\u0101dus garumus. T\u0101 k\u0101 \u0101da ir dabisks produkts, katra gabala kr\u0101sa un fakt\u016bra nedaudz at\u0161\u0137iras. Tr\u012bs kniedes poz\u012bcijas rada regul\u0113jamu garumu: 19, 21 un 23 cm.<\/p>","protected":false},"excerpt":{"rendered":"<p>BWE2BR 825873052105<\/p>\n","protected":false},"featured_media":10753,"template":"","meta":[],"product_cat":[112],"product_tag":[],"_links":{"self":[{"href":"https:\/\/bico.ee\/lv\/wp-json\/wp\/v2\/product\/15740"}],"collection":[{"href":"https:\/\/bico.ee\/lv\/wp-json\/wp\/v2\/product"}],"about":[{"href":"https:\/\/bico.ee\/lv\/wp-json\/wp\/v2\/types\/product"}],"wp:featuredmedia":[{"embeddable":true,"href":"https:\/\/bico.ee\/lv\/wp-json\/wp\/v2\/media\/10753"}],"wp:attachment":[{"href":"https:\/\/bico.ee\/lv\/wp-json\/wp\/v2\/media?parent=15740"}],"wp:term":[{"taxonomy":"product_cat","embeddable":true,"href":"https:\/\/bico.ee\/lv\/wp-json\/wp\/v2\/product_cat?post=15740"},{"taxonomy":"product_tag","embeddable":true,"href":"https:\/\/bico.ee\/lv\/wp-json\/wp\/v2\/product_tag?post=15740"}],"curies":[{"name":"wp","href":"https:\/\/api.w.org\/{rel}","templated":true}]}}