{"id":15805,"date":"2026-04-10T18:44:01","date_gmt":"2026-04-10T18:44:01","guid":{"rendered":""},"modified":"2026-04-10T18:44:01","modified_gmt":"2026-04-10T18:44:01","slug":"bico-gate-keeper-kaelakee-ja-ripatsite-komplekt-mx1","status":"publish","type":"product","link":"https:\/\/bico.ee\/lv\/p\/bico-vartu-turetaja-kaklarotas-un-kulonu-komplekts-mx1\/","title":{"rendered":"Bico &#8220;V\u0101rtu tur\u0113t\u0101ja&#8221; kaklarotas un kulonu komplekts (MX1)"},"content":{"rendered":"<p>BICO unik\u0101l\u0101 pieeja gan dizainam, gan ra\u017eo\u0161anai rada m\u016b\u017e\u012bgas rotas gan v\u012brie\u0161iem, gan sieviet\u0113m. Nosaukums: v\u0101rtu tur\u0113t\u0101js Noz\u012bme: tur j\u016bsu dv\u0113seles atsl\u0113gu, lai p\u0101rliecin\u0101tos, ka t\u0101 paliek neskarta.<\/p>","protected":false},"excerpt":{"rendered":"<p>MX1 825873058596<\/p>\n","protected":false},"featured_media":10849,"template":"","meta":[],"product_cat":[169],"product_tag":[],"_links":{"self":[{"href":"https:\/\/bico.ee\/lv\/wp-json\/wp\/v2\/product\/15805"}],"collection":[{"href":"https:\/\/bico.ee\/lv\/wp-json\/wp\/v2\/product"}],"about":[{"href":"https:\/\/bico.ee\/lv\/wp-json\/wp\/v2\/types\/product"}],"wp:featuredmedia":[{"embeddable":true,"href":"https:\/\/bico.ee\/lv\/wp-json\/wp\/v2\/media\/10849"}],"wp:attachment":[{"href":"https:\/\/bico.ee\/lv\/wp-json\/wp\/v2\/media?parent=15805"}],"wp:term":[{"taxonomy":"product_cat","embeddable":true,"href":"https:\/\/bico.ee\/lv\/wp-json\/wp\/v2\/product_cat?post=15805"},{"taxonomy":"product_tag","embeddable":true,"href":"https:\/\/bico.ee\/lv\/wp-json\/wp\/v2\/product_tag?post=15805"}],"curies":[{"name":"wp","href":"https:\/\/api.w.org\/{rel}","templated":true}]}}