{"id":15806,"date":"2026-04-24T07:43:59","date_gmt":"2026-04-24T07:43:59","guid":{"rendered":""},"modified":"2026-04-24T07:43:59","modified_gmt":"2026-04-24T07:43:59","slug":"bico-soki-ja-buskini-kaelakee-ja-ripatsite-komplekt-mx2","status":"publish","type":"product","link":"https:\/\/bico.ee\/lv\/p\/kaklarotu-un-kulonu-komplekts-bico-zekem-un-buskinam-mx2\/","title":{"rendered":"Kaklarotu un kulonu komplekts Bico ze\u0137\u0113m un Buskinam (MX2)"},"content":{"rendered":"<p>BICO unik\u0101l\u0101 pieeja gan dizainam, gan ra\u017eo\u0161anai rada m\u016b\u017e\u012bgas rotas gan v\u012brie\u0161iem, gan sieviet\u0113m. Nosaukums: Ze\u0137e un Bu\u0161kina Noz\u012bme: Kom\u0113dija un tra\u0123\u0113dija Cilv\u0113ka emociju dualit\u0101te.<\/p>","protected":false},"excerpt":{"rendered":"<p>MX2 825873058602<\/p>\n","protected":false},"featured_media":10852,"template":"","meta":[],"product_cat":[169],"product_tag":[],"_links":{"self":[{"href":"https:\/\/bico.ee\/lv\/wp-json\/wp\/v2\/product\/15806"}],"collection":[{"href":"https:\/\/bico.ee\/lv\/wp-json\/wp\/v2\/product"}],"about":[{"href":"https:\/\/bico.ee\/lv\/wp-json\/wp\/v2\/types\/product"}],"wp:featuredmedia":[{"embeddable":true,"href":"https:\/\/bico.ee\/lv\/wp-json\/wp\/v2\/media\/10852"}],"wp:attachment":[{"href":"https:\/\/bico.ee\/lv\/wp-json\/wp\/v2\/media?parent=15806"}],"wp:term":[{"taxonomy":"product_cat","embeddable":true,"href":"https:\/\/bico.ee\/lv\/wp-json\/wp\/v2\/product_cat?post=15806"},{"taxonomy":"product_tag","embeddable":true,"href":"https:\/\/bico.ee\/lv\/wp-json\/wp\/v2\/product_tag?post=15806"}],"curies":[{"name":"wp","href":"https:\/\/api.w.org\/{rel}","templated":true}]}}