{"id":15809,"date":"2026-04-10T18:44:01","date_gmt":"2026-04-10T18:44:01","guid":{"rendered":""},"modified":"2026-04-10T18:44:01","modified_gmt":"2026-04-10T18:44:01","slug":"bico-mr-noname-kaelakee-ja-ripatsite-komplekt-mx5","status":"publish","type":"product","link":"https:\/\/bico.ee\/lv\/p\/bico-mr-noname-kaklarotu-un-kulonu-komplekts-mx5\/","title":{"rendered":"Bico &#8220;Mr Noname&#8221; kaklarotu un kulonu komplekts (MX5)"},"content":{"rendered":"<p>BICO unik\u0101l\u0101 pieeja gan dizainam, gan ra\u017eo\u0161anai rada m\u016b\u017e\u012bgas rotas gan v\u012brie\u0161iem, gan sieviet\u0113m. V\u0101rds: Noname kungs Noz\u012bme: Bez no\u017e\u0113las un bez s\u016bdz\u012bb\u0101m neatst\u0101jiet nek\u0101das p\u0113das.<\/p>","protected":false},"excerpt":{"rendered":"<p>MX5 825873058633<\/p>\n","protected":false},"featured_media":10861,"template":"","meta":[],"product_cat":[169],"product_tag":[],"_links":{"self":[{"href":"https:\/\/bico.ee\/lv\/wp-json\/wp\/v2\/product\/15809"}],"collection":[{"href":"https:\/\/bico.ee\/lv\/wp-json\/wp\/v2\/product"}],"about":[{"href":"https:\/\/bico.ee\/lv\/wp-json\/wp\/v2\/types\/product"}],"wp:featuredmedia":[{"embeddable":true,"href":"https:\/\/bico.ee\/lv\/wp-json\/wp\/v2\/media\/10861"}],"wp:attachment":[{"href":"https:\/\/bico.ee\/lv\/wp-json\/wp\/v2\/media?parent=15809"}],"wp:term":[{"taxonomy":"product_cat","embeddable":true,"href":"https:\/\/bico.ee\/lv\/wp-json\/wp\/v2\/product_cat?post=15809"},{"taxonomy":"product_tag","embeddable":true,"href":"https:\/\/bico.ee\/lv\/wp-json\/wp\/v2\/product_tag?post=15809"}],"curies":[{"name":"wp","href":"https:\/\/api.w.org\/{rel}","templated":true}]}}