{"id":15811,"date":"2026-04-10T18:44:01","date_gmt":"2026-04-10T18:44:01","guid":{"rendered":""},"modified":"2026-04-10T18:44:01","modified_gmt":"2026-04-10T18:44:01","slug":"bico-mississippi-kukkuv-kaelakee-ja-ripatsid-mx7","status":"publish","type":"product","link":"https:\/\/bico.ee\/lv\/p\/biko-misisipi-kritosa-kaklarota-un-kuloni-mx7\/","title":{"rendered":"Biko &#8220;Misisipi kr\u012bto\u0161\u0101&#8221; kaklarota un kuloni (MX7)&#8221;"},"content":{"rendered":"<p>BICO unik\u0101l\u0101 pieeja gan dizainam, gan ra\u017eo\u0161anai rada m\u016b\u017e\u012bgas rotas gan v\u012brie\u0161iem, gan sieviet\u0113m. V\u0101rds: kr\u012bto\u0161a Misisipi Noz\u012bme: Viss kop\u0101 &#8230; Brauciet pa \u0161o upi mier\u012bgi uz\u0146emas lielu pe\u013c\u0146u.<\/p>","protected":false},"excerpt":{"rendered":"<p>MX7 825873058657<\/p>\n","protected":false},"featured_media":10867,"template":"","meta":[],"product_cat":[169],"product_tag":[],"_links":{"self":[{"href":"https:\/\/bico.ee\/lv\/wp-json\/wp\/v2\/product\/15811"}],"collection":[{"href":"https:\/\/bico.ee\/lv\/wp-json\/wp\/v2\/product"}],"about":[{"href":"https:\/\/bico.ee\/lv\/wp-json\/wp\/v2\/types\/product"}],"wp:featuredmedia":[{"embeddable":true,"href":"https:\/\/bico.ee\/lv\/wp-json\/wp\/v2\/media\/10867"}],"wp:attachment":[{"href":"https:\/\/bico.ee\/lv\/wp-json\/wp\/v2\/media?parent=15811"}],"wp:term":[{"taxonomy":"product_cat","embeddable":true,"href":"https:\/\/bico.ee\/lv\/wp-json\/wp\/v2\/product_cat?post=15811"},{"taxonomy":"product_tag","embeddable":true,"href":"https:\/\/bico.ee\/lv\/wp-json\/wp\/v2\/product_tag?post=15811"}],"curies":[{"name":"wp","href":"https:\/\/api.w.org\/{rel}","templated":true}]}}