{"id":15813,"date":"2026-04-10T18:44:02","date_gmt":"2026-04-10T18:44:02","guid":{"rendered":""},"modified":"2026-04-10T18:44:02","modified_gmt":"2026-04-10T18:44:02","slug":"bico-belle-a-blues-kaelakee-ja-ripatsite-komplekt-mx9","status":"publish","type":"product","link":"https:\/\/bico.ee\/lv\/p\/bico-belle-a-blues-kaklarotu-un-kulonu-komplekts-mx9\/","title":{"rendered":"Bico &#8220;Belle A Blues&#8221; kaklarotu un kulonu komplekts (MX9)"},"content":{"rendered":"<p>BICO unik\u0101l\u0101 pieeja gan dizainam, gan ra\u017eo\u0161anai rada m\u016b\u017e\u012bgas rotas gan v\u012brie\u0161iem, gan sieviet\u0113m. Nosaukums: Belle A Blues Noz\u012bme: Dz\u012bv\u0113 nekas nav dro\u0161s, iz\u0146emot n\u0101vi un nodok\u013cus (un c\u0101\u013ci rok cirvjus).<\/p>","protected":false},"excerpt":{"rendered":"<p>MX9 825873058671<\/p>\n","protected":false},"featured_media":10873,"template":"","meta":[],"product_cat":[169],"product_tag":[],"_links":{"self":[{"href":"https:\/\/bico.ee\/lv\/wp-json\/wp\/v2\/product\/15813"}],"collection":[{"href":"https:\/\/bico.ee\/lv\/wp-json\/wp\/v2\/product"}],"about":[{"href":"https:\/\/bico.ee\/lv\/wp-json\/wp\/v2\/types\/product"}],"wp:featuredmedia":[{"embeddable":true,"href":"https:\/\/bico.ee\/lv\/wp-json\/wp\/v2\/media\/10873"}],"wp:attachment":[{"href":"https:\/\/bico.ee\/lv\/wp-json\/wp\/v2\/media?parent=15813"}],"wp:term":[{"taxonomy":"product_cat","embeddable":true,"href":"https:\/\/bico.ee\/lv\/wp-json\/wp\/v2\/product_cat?post=15813"},{"taxonomy":"product_tag","embeddable":true,"href":"https:\/\/bico.ee\/lv\/wp-json\/wp\/v2\/product_tag?post=15813"}],"curies":[{"name":"wp","href":"https:\/\/api.w.org\/{rel}","templated":true}]}}