{"id":15817,"date":"2026-04-10T18:44:02","date_gmt":"2026-04-10T18:44:02","guid":{"rendered":""},"modified":"2026-04-10T18:44:02","modified_gmt":"2026-04-10T18:44:02","slug":"bico-game-hound-kaelakee-ja-ripatsite-komplekt-mx13","status":"publish","type":"product","link":"https:\/\/bico.ee\/lv\/p\/bico-game-hound-kaklarotas-un-kulonu-komplekts-mx13\/","title":{"rendered":"Bico &#8220;Game Hound&#8221; kaklarotas un kulonu komplekts (MX13)"},"content":{"rendered":"<p>BICO unik\u0101l\u0101 pieeja gan dizainam, gan ra\u017eo\u0161anai rada m\u016b\u017e\u012bgas rotas gan v\u012brie\u0161iem, gan sieviet\u0113m. Nosaukums: Sp\u0113les kurts Noz\u012bme: Lab\u0101kais, ja to regul\u0113 Virtu\u0101l\u0101 dz\u012bve ir klus\u0101 daba.<\/p>","protected":false},"excerpt":{"rendered":"<p>MX13 825873058718<\/p>\n","protected":false},"featured_media":10885,"template":"","meta":[],"product_cat":[169],"product_tag":[],"_links":{"self":[{"href":"https:\/\/bico.ee\/lv\/wp-json\/wp\/v2\/product\/15817"}],"collection":[{"href":"https:\/\/bico.ee\/lv\/wp-json\/wp\/v2\/product"}],"about":[{"href":"https:\/\/bico.ee\/lv\/wp-json\/wp\/v2\/types\/product"}],"wp:featuredmedia":[{"embeddable":true,"href":"https:\/\/bico.ee\/lv\/wp-json\/wp\/v2\/media\/10885"}],"wp:attachment":[{"href":"https:\/\/bico.ee\/lv\/wp-json\/wp\/v2\/media?parent=15817"}],"wp:term":[{"taxonomy":"product_cat","embeddable":true,"href":"https:\/\/bico.ee\/lv\/wp-json\/wp\/v2\/product_cat?post=15817"},{"taxonomy":"product_tag","embeddable":true,"href":"https:\/\/bico.ee\/lv\/wp-json\/wp\/v2\/product_tag?post=15817"}],"curies":[{"name":"wp","href":"https:\/\/api.w.org\/{rel}","templated":true}]}}