{"id":15821,"date":"2026-04-10T18:44:02","date_gmt":"2026-04-10T18:44:02","guid":{"rendered":""},"modified":"2026-04-10T18:44:02","modified_gmt":"2026-04-10T18:44:02","slug":"bico-kadunud-rockstar-kaelakee-ja-ripatsid-mx17","status":"publish","type":"product","link":"https:\/\/bico.ee\/lv\/p\/bico-pazudusais-rockstar-kaklarota-un-kuloni-mx17\/","title":{"rendered":"Bico &#8220;pazudu\u0161ais Rockstar&#8221; kaklarota un kuloni (MX17)"},"content":{"rendered":"<p>BICO unik\u0101l\u0101 pieeja gan dizainam, gan ra\u017eo\u0161anai rada m\u016b\u017e\u012bgas rotas gan v\u012brie\u0161iem, gan sieviet\u0113m. V\u0101rds: pazudu\u0161ais rokzvaigzne Noz\u012bme: dz\u012bve ir lielce\u013c\u0161 bez z\u012bm\u0113m un izej\u0101m uz debes\u012bm vai elli.<\/p>","protected":false},"excerpt":{"rendered":"<p>MX17 825873058756<\/p>\n","protected":false},"featured_media":10897,"template":"","meta":[],"product_cat":[169],"product_tag":[],"_links":{"self":[{"href":"https:\/\/bico.ee\/lv\/wp-json\/wp\/v2\/product\/15821"}],"collection":[{"href":"https:\/\/bico.ee\/lv\/wp-json\/wp\/v2\/product"}],"about":[{"href":"https:\/\/bico.ee\/lv\/wp-json\/wp\/v2\/types\/product"}],"wp:featuredmedia":[{"embeddable":true,"href":"https:\/\/bico.ee\/lv\/wp-json\/wp\/v2\/media\/10897"}],"wp:attachment":[{"href":"https:\/\/bico.ee\/lv\/wp-json\/wp\/v2\/media?parent=15821"}],"wp:term":[{"taxonomy":"product_cat","embeddable":true,"href":"https:\/\/bico.ee\/lv\/wp-json\/wp\/v2\/product_cat?post=15821"},{"taxonomy":"product_tag","embeddable":true,"href":"https:\/\/bico.ee\/lv\/wp-json\/wp\/v2\/product_tag?post=15821"}],"curies":[{"name":"wp","href":"https:\/\/api.w.org\/{rel}","templated":true}]}}