{"id":15834,"date":"2026-04-24T07:43:59","date_gmt":"2026-04-24T07:43:59","guid":{"rendered":""},"modified":"2026-04-24T07:43:59","modified_gmt":"2026-04-24T07:43:59","slug":"bico-coupe-d-etat-kaelakee-ja-ripatsite-komplekt-mx30","status":"publish","type":"product","link":"https:\/\/bico.ee\/lv\/p\/bico-coupe-detat-kaklarotu-un-kulonu-komplekts-mx30\/","title":{"rendered":"Bico &#8220;Coupe D&#8221;Etat&#8221; kaklarotu un kulonu komplekts (MX30)"},"content":{"rendered":"<p>BICO unik\u0101l\u0101 pieeja gan dizainam, gan ra\u017eo\u0161anai rada m\u016b\u017e\u012bgas rotas gan v\u012brie\u0161iem, gan sieviet\u0113m. Nosaukums: Coupe D&#8217;Etat Noz\u012bme: sitieni ar m\u0113r\u0137iem, lielu koku nocir\u0161ana, skatiens uz aug\u0161u.<\/p>","protected":false},"excerpt":{"rendered":"<p>MX30 825873058886<\/p>\n","protected":false},"featured_media":10935,"template":"","meta":[],"product_cat":[169],"product_tag":[],"_links":{"self":[{"href":"https:\/\/bico.ee\/lv\/wp-json\/wp\/v2\/product\/15834"}],"collection":[{"href":"https:\/\/bico.ee\/lv\/wp-json\/wp\/v2\/product"}],"about":[{"href":"https:\/\/bico.ee\/lv\/wp-json\/wp\/v2\/types\/product"}],"wp:featuredmedia":[{"embeddable":true,"href":"https:\/\/bico.ee\/lv\/wp-json\/wp\/v2\/media\/10935"}],"wp:attachment":[{"href":"https:\/\/bico.ee\/lv\/wp-json\/wp\/v2\/media?parent=15834"}],"wp:term":[{"taxonomy":"product_cat","embeddable":true,"href":"https:\/\/bico.ee\/lv\/wp-json\/wp\/v2\/product_cat?post=15834"},{"taxonomy":"product_tag","embeddable":true,"href":"https:\/\/bico.ee\/lv\/wp-json\/wp\/v2\/product_tag?post=15834"}],"curies":[{"name":"wp","href":"https:\/\/api.w.org\/{rel}","templated":true}]}}