{"id":15835,"date":"2026-04-10T18:44:02","date_gmt":"2026-04-10T18:44:02","guid":{"rendered":""},"modified":"2026-04-10T18:44:02","modified_gmt":"2026-04-10T18:44:02","slug":"bico-bone-bossa-nova-kaelakee-ja-ripatsite-komplekt-mx31","status":"publish","type":"product","link":"https:\/\/bico.ee\/lv\/p\/bico-bone-bossa-nova-kaklarotu-un-kulonu-komplekts-mx31\/","title":{"rendered":"Bico &#8220;Bone Bossa Nova&#8221; kaklarotu un kulonu komplekts (MX31)"},"content":{"rendered":"<p>BICO unik\u0101l\u0101 pieeja gan dizainam, gan ra\u017eo\u0161anai rada m\u016b\u017e\u012bgas rotas gan v\u012brie\u0161iem, gan sieviet\u0113m. Nosaukums: Bone Bossa Nova Noz\u012bme: \u0160aj\u0101 skap\u012b nav skeletu, vi\u0146i iziet un dejo.<\/p>","protected":false},"excerpt":{"rendered":"<p>MX31 825873058893<\/p>\n","protected":false},"featured_media":10938,"template":"","meta":[],"product_cat":[169],"product_tag":[],"_links":{"self":[{"href":"https:\/\/bico.ee\/lv\/wp-json\/wp\/v2\/product\/15835"}],"collection":[{"href":"https:\/\/bico.ee\/lv\/wp-json\/wp\/v2\/product"}],"about":[{"href":"https:\/\/bico.ee\/lv\/wp-json\/wp\/v2\/types\/product"}],"wp:featuredmedia":[{"embeddable":true,"href":"https:\/\/bico.ee\/lv\/wp-json\/wp\/v2\/media\/10938"}],"wp:attachment":[{"href":"https:\/\/bico.ee\/lv\/wp-json\/wp\/v2\/media?parent=15835"}],"wp:term":[{"taxonomy":"product_cat","embeddable":true,"href":"https:\/\/bico.ee\/lv\/wp-json\/wp\/v2\/product_cat?post=15835"},{"taxonomy":"product_tag","embeddable":true,"href":"https:\/\/bico.ee\/lv\/wp-json\/wp\/v2\/product_tag?post=15835"}],"curies":[{"name":"wp","href":"https:\/\/api.w.org\/{rel}","templated":true}]}}