{"id":15837,"date":"2026-04-10T18:44:02","date_gmt":"2026-04-10T18:44:02","guid":{"rendered":""},"modified":"2026-04-10T18:44:02","modified_gmt":"2026-04-10T18:44:02","slug":"bico-whisky-petei-kaelakee-ja-ripatsite-komplekt-mx33","status":"publish","type":"product","link":"https:\/\/bico.ee\/lv\/p\/bico-viskija-pita-kaklarotas-un-kulonu-komplekts-mx33\/","title":{"rendered":"Bico &#8220;Viskija P\u012bta&#8221; kaklarotas un kulonu komplekts (MX33)"},"content":{"rendered":"<p>BICO unik\u0101l\u0101 pieeja gan dizainam, gan ra\u017eo\u0161anai rada m\u016b\u017e\u012bgas rotas gan v\u012brie\u0161iem, gan sieviet\u0113m. Nosaukums: Viskija P\u012bts Noz\u012bme: Pirms j\u016bs nok\u013c\u016bstat lielaj\u0101 \u0161ov\u0101, vienm\u0113r ir neliels p\u0101rsteigums.<\/p>","protected":false},"excerpt":{"rendered":"<p>MX33 825873058916<\/p>\n","protected":false},"featured_media":10944,"template":"","meta":[],"product_cat":[169],"product_tag":[],"_links":{"self":[{"href":"https:\/\/bico.ee\/lv\/wp-json\/wp\/v2\/product\/15837"}],"collection":[{"href":"https:\/\/bico.ee\/lv\/wp-json\/wp\/v2\/product"}],"about":[{"href":"https:\/\/bico.ee\/lv\/wp-json\/wp\/v2\/types\/product"}],"wp:featuredmedia":[{"embeddable":true,"href":"https:\/\/bico.ee\/lv\/wp-json\/wp\/v2\/media\/10944"}],"wp:attachment":[{"href":"https:\/\/bico.ee\/lv\/wp-json\/wp\/v2\/media?parent=15837"}],"wp:term":[{"taxonomy":"product_cat","embeddable":true,"href":"https:\/\/bico.ee\/lv\/wp-json\/wp\/v2\/product_cat?post=15837"},{"taxonomy":"product_tag","embeddable":true,"href":"https:\/\/bico.ee\/lv\/wp-json\/wp\/v2\/product_tag?post=15837"}],"curies":[{"name":"wp","href":"https:\/\/api.w.org\/{rel}","templated":true}]}}