{"id":15842,"date":"2026-04-10T18:44:02","date_gmt":"2026-04-10T18:44:02","guid":{"rendered":""},"modified":"2026-04-10T18:44:02","modified_gmt":"2026-04-10T18:44:02","slug":"bico-atomica-parandatud-kaelakee-ja-ripatsite-komplekt-mx38","status":"publish","type":"product","link":"https:\/\/bico.ee\/lv\/p\/bico-atomica-labota-kaklarotas-un-kulonu-komplekts-mx38\/","title":{"rendered":"Bico Atomica labot\u0101 kaklarotas un kulonu komplekts (MX38)"},"content":{"rendered":"<p>BICO unik\u0101l\u0101 pieeja gan dizainam, gan ra\u017eo\u0161anai rada m\u016b\u017e\u012bgas rotas gan v\u012brie\u0161iem, gan sieviet\u0113m. Nosaukums: Atomica Labota noz\u012bme: Dz\u012bves rite\u0146i iet apa\u013ci.<\/p>","protected":false},"excerpt":{"rendered":"<p>MX38 825873058961<\/p>\n","protected":false},"featured_media":10959,"template":"","meta":[],"product_cat":[169],"product_tag":[],"_links":{"self":[{"href":"https:\/\/bico.ee\/lv\/wp-json\/wp\/v2\/product\/15842"}],"collection":[{"href":"https:\/\/bico.ee\/lv\/wp-json\/wp\/v2\/product"}],"about":[{"href":"https:\/\/bico.ee\/lv\/wp-json\/wp\/v2\/types\/product"}],"wp:featuredmedia":[{"embeddable":true,"href":"https:\/\/bico.ee\/lv\/wp-json\/wp\/v2\/media\/10959"}],"wp:attachment":[{"href":"https:\/\/bico.ee\/lv\/wp-json\/wp\/v2\/media?parent=15842"}],"wp:term":[{"taxonomy":"product_cat","embeddable":true,"href":"https:\/\/bico.ee\/lv\/wp-json\/wp\/v2\/product_cat?post=15842"},{"taxonomy":"product_tag","embeddable":true,"href":"https:\/\/bico.ee\/lv\/wp-json\/wp\/v2\/product_tag?post=15842"}],"curies":[{"name":"wp","href":"https:\/\/api.w.org\/{rel}","templated":true}]}}