{"id":15899,"date":"2026-04-10T18:44:02","date_gmt":"2026-04-10T18:44:02","guid":{"rendered":""},"modified":"2026-04-10T18:44:02","modified_gmt":"2026-04-10T18:44:02","slug":"bico-mechanika-metallist-ripats-ec30","status":"publish","type":"product","link":"https:\/\/bico.ee\/lv\/p\/metala-kulons-bico-mechanika-ec30\/","title":{"rendered":"Met\u0101la kulons Bico &#8220;Mechanika&#8221; (EC30)"},"content":{"rendered":"<p>Nosaukums: Meh\u0101nika Noz\u012bme: Triumfs p\u0101r iesp\u0113ju \u0100da kombin\u0101cij\u0101 ar oksid\u0113tu un mat\u0113tu gatavo alu Pieejam\u0101s kr\u0101sas: melna un br\u016bna.<\/p>","protected":false},"excerpt":{"rendered":"<p>EC30 825873072615<\/p>\n","protected":false},"featured_media":11040,"template":"","meta":[],"product_cat":[277,293],"product_tag":[],"_links":{"self":[{"href":"https:\/\/bico.ee\/lv\/wp-json\/wp\/v2\/product\/15899"}],"collection":[{"href":"https:\/\/bico.ee\/lv\/wp-json\/wp\/v2\/product"}],"about":[{"href":"https:\/\/bico.ee\/lv\/wp-json\/wp\/v2\/types\/product"}],"wp:featuredmedia":[{"embeddable":true,"href":"https:\/\/bico.ee\/lv\/wp-json\/wp\/v2\/media\/11040"}],"wp:attachment":[{"href":"https:\/\/bico.ee\/lv\/wp-json\/wp\/v2\/media?parent=15899"}],"wp:term":[{"taxonomy":"product_cat","embeddable":true,"href":"https:\/\/bico.ee\/lv\/wp-json\/wp\/v2\/product_cat?post=15899"},{"taxonomy":"product_tag","embeddable":true,"href":"https:\/\/bico.ee\/lv\/wp-json\/wp\/v2\/product_tag?post=15899"}],"curies":[{"name":"wp","href":"https:\/\/api.w.org\/{rel}","templated":true}]}}