{"id":16089,"date":"2026-04-10T18:44:03","date_gmt":"2026-04-10T18:44:03","guid":{"rendered":""},"modified":"2026-04-10T18:44:03","modified_gmt":"2026-04-10T18:44:03","slug":"bico-croix-de-coeur-ripats-satiinviimistlusega-e340","status":"publish","type":"product","link":"https:\/\/bico.ee\/lv\/p\/bico-croix-de-coeur-kulons-satina-krasa-e340\/","title":{"rendered":"Bico &#8220;Croix De Coeur&#8221; kulons sat\u012bna kr\u0101s\u0101 (E340)"},"content":{"rendered":"<p>Da\u013ca no Bico m\u016b\u017e\u012bg\u0101 ikonu piekari\u0146u kl\u0101sta. Nosaukums: Croix De Coeur Noz\u012bme: tic\u012bba, cer\u012bba un m\u012blest\u012bba, ziedo\u0161an\u0101s sp\u0113ks Ori\u0123in\u0101ls Bico izstr\u0101d\u0101ts kulons ar m\u016bsu unik\u0101lo oksid\u0113to mat\u0113to sudraba apdari. . Kulona platums: 1,8 cm garums: 2 cm<\/p>","protected":false},"excerpt":{"rendered":"<p>E340 825873074534<\/p>\n","protected":false},"featured_media":11286,"template":"","meta":[],"product_cat":[277,300],"product_tag":[],"_links":{"self":[{"href":"https:\/\/bico.ee\/lv\/wp-json\/wp\/v2\/product\/16089"}],"collection":[{"href":"https:\/\/bico.ee\/lv\/wp-json\/wp\/v2\/product"}],"about":[{"href":"https:\/\/bico.ee\/lv\/wp-json\/wp\/v2\/types\/product"}],"wp:featuredmedia":[{"embeddable":true,"href":"https:\/\/bico.ee\/lv\/wp-json\/wp\/v2\/media\/11286"}],"wp:attachment":[{"href":"https:\/\/bico.ee\/lv\/wp-json\/wp\/v2\/media?parent=16089"}],"wp:term":[{"taxonomy":"product_cat","embeddable":true,"href":"https:\/\/bico.ee\/lv\/wp-json\/wp\/v2\/product_cat?post=16089"},{"taxonomy":"product_tag","embeddable":true,"href":"https:\/\/bico.ee\/lv\/wp-json\/wp\/v2\/product_tag?post=16089"}],"curies":[{"name":"wp","href":"https:\/\/api.w.org\/{rel}","templated":true}]}}