{"id":16090,"date":"2026-04-10T18:44:03","date_gmt":"2026-04-10T18:44:03","guid":{"rendered":""},"modified":"2026-04-10T18:44:03","modified_gmt":"2026-04-10T18:44:03","slug":"bico-piiranguteta-sudamed-ripats-satiinviimistluses-e341","status":"publish","type":"product","link":"https:\/\/bico.ee\/lv\/p\/bico-kulons-neierobezotas-sirdis-ar-satina-apdari-e341\/","title":{"rendered":"Bico kulons &#8220;Neierobe\u017eotas sirdis\u201d ar sat\u012bna apdari (E341)"},"content":{"rendered":"<p>Da\u013ca no Bico m\u016b\u017e\u012bg\u0101 ikonu piekari\u0146u kl\u0101sta. Nosaukums: neierobe\u017eotas sirdis Noz\u012bme: veselums un piln\u012bba, m\u016b\u017e\u012bga m\u012blest\u012bba un nebeidzamas iesp\u0113jas Ori\u0123in\u0101ls Bico izstr\u0101d\u0101ts kulons ar m\u016bsu unik\u0101lo oksid\u0113to mat\u0113to sudraba apdari. . Kulona platums: 2,1 cm Garums: 2,1 cm<\/p>","protected":false},"excerpt":{"rendered":"<p>E341 825873074541<\/p>\n","protected":false},"featured_media":11291,"template":"","meta":[],"product_cat":[277,300],"product_tag":[],"_links":{"self":[{"href":"https:\/\/bico.ee\/lv\/wp-json\/wp\/v2\/product\/16090"}],"collection":[{"href":"https:\/\/bico.ee\/lv\/wp-json\/wp\/v2\/product"}],"about":[{"href":"https:\/\/bico.ee\/lv\/wp-json\/wp\/v2\/types\/product"}],"wp:featuredmedia":[{"embeddable":true,"href":"https:\/\/bico.ee\/lv\/wp-json\/wp\/v2\/media\/11291"}],"wp:attachment":[{"href":"https:\/\/bico.ee\/lv\/wp-json\/wp\/v2\/media?parent=16090"}],"wp:term":[{"taxonomy":"product_cat","embeddable":true,"href":"https:\/\/bico.ee\/lv\/wp-json\/wp\/v2\/product_cat?post=16090"},{"taxonomy":"product_tag","embeddable":true,"href":"https:\/\/bico.ee\/lv\/wp-json\/wp\/v2\/product_tag?post=16090"}],"curies":[{"name":"wp","href":"https:\/\/api.w.org\/{rel}","templated":true}]}}