{"id":16092,"date":"2026-04-10T18:44:03","date_gmt":"2026-04-10T18:44:03","guid":{"rendered":""},"modified":"2026-04-10T18:44:03","modified_gmt":"2026-04-10T18:44:03","slug":"bico-elupuu-ripats-satiinviimistlusega-e343","status":"publish","type":"product","link":"https:\/\/bico.ee\/lv\/p\/bico-kulons-dzivibas-koks-ar-satina-apdari-e343\/","title":{"rendered":"Bico kulons &#8220;Dz\u012bv\u012bbas koks\u201d ar sat\u012bna apdari (E343)"},"content":{"rendered":"<p>Da\u013ca no Bico m\u016b\u017e\u012bg\u0101 ikonu piekari\u0146u kl\u0101sta. Nosaukums: Dz\u012bv\u012bbas koks Noz\u012bme: sen\u0101s paties\u012bbas, dievi\u0161\u0137\u0101 savstarp\u0113j\u0101 saist\u012bba ar cilv\u0113ka sirdi Ori\u0123in\u0101ls Bico izstr\u0101d\u0101ts kulons ar m\u016bsu unik\u0101lo oksid\u0113to mat\u0113to sudraba apdari. . Kulona platums: 2,5 cm garums: 2,6 cm<\/p>","protected":false},"excerpt":{"rendered":"<p>E343 825873074565<\/p>\n","protected":false},"featured_media":11299,"template":"","meta":[],"product_cat":[277,300],"product_tag":[],"_links":{"self":[{"href":"https:\/\/bico.ee\/lv\/wp-json\/wp\/v2\/product\/16092"}],"collection":[{"href":"https:\/\/bico.ee\/lv\/wp-json\/wp\/v2\/product"}],"about":[{"href":"https:\/\/bico.ee\/lv\/wp-json\/wp\/v2\/types\/product"}],"wp:featuredmedia":[{"embeddable":true,"href":"https:\/\/bico.ee\/lv\/wp-json\/wp\/v2\/media\/11299"}],"wp:attachment":[{"href":"https:\/\/bico.ee\/lv\/wp-json\/wp\/v2\/media?parent=16092"}],"wp:term":[{"taxonomy":"product_cat","embeddable":true,"href":"https:\/\/bico.ee\/lv\/wp-json\/wp\/v2\/product_cat?post=16092"},{"taxonomy":"product_tag","embeddable":true,"href":"https:\/\/bico.ee\/lv\/wp-json\/wp\/v2\/product_tag?post=16092"}],"curies":[{"name":"wp","href":"https:\/\/api.w.org\/{rel}","templated":true}]}}