{"id":16101,"date":"2026-04-10T18:44:03","date_gmt":"2026-04-10T18:44:03","guid":{"rendered":""},"modified":"2026-04-10T18:44:03","modified_gmt":"2026-04-10T18:44:03","slug":"bico-secure-in-heart-lukuga-ripats-satiinviimistlusega-e352","status":"publish","type":"product","link":"https:\/\/bico.ee\/lv\/p\/bico-secure-in-heart-sledzenes-kulons-ar-satina-apdari-e352\/","title":{"rendered":"Bico &#8220;Secure In Heart&#8221; sl\u0113dzenes kulons ar sat\u012bna apdari (E352)"},"content":{"rendered":"<p>Da\u013ca no Bico m\u016b\u017e\u012bg\u0101 ikonu piekari\u0146u kl\u0101sta. Nosaukums: Dro\u0161s sird\u012b Noz\u012bme: jums ir atsl\u0113ga uz manu sirdi Ori\u0123in\u0101ls Bico izstr\u0101d\u0101ts kulons ar m\u016bsu unik\u0101lo oksid\u0113to mat\u0113to sudraba apdari. . Kulona platums: 1,7 cm Garums: 2,6 cm<\/p>","protected":false},"excerpt":{"rendered":"<p>E352 825873074657<\/p>\n","protected":false},"featured_media":11326,"template":"","meta":[],"product_cat":[277,300],"product_tag":[],"_links":{"self":[{"href":"https:\/\/bico.ee\/lv\/wp-json\/wp\/v2\/product\/16101"}],"collection":[{"href":"https:\/\/bico.ee\/lv\/wp-json\/wp\/v2\/product"}],"about":[{"href":"https:\/\/bico.ee\/lv\/wp-json\/wp\/v2\/types\/product"}],"wp:featuredmedia":[{"embeddable":true,"href":"https:\/\/bico.ee\/lv\/wp-json\/wp\/v2\/media\/11326"}],"wp:attachment":[{"href":"https:\/\/bico.ee\/lv\/wp-json\/wp\/v2\/media?parent=16101"}],"wp:term":[{"taxonomy":"product_cat","embeddable":true,"href":"https:\/\/bico.ee\/lv\/wp-json\/wp\/v2\/product_cat?post=16101"},{"taxonomy":"product_tag","embeddable":true,"href":"https:\/\/bico.ee\/lv\/wp-json\/wp\/v2\/product_tag?post=16101"}],"curies":[{"name":"wp","href":"https:\/\/api.w.org\/{rel}","templated":true}]}}