{"id":16102,"date":"2026-04-10T18:44:03","date_gmt":"2026-04-10T18:44:03","guid":{"rendered":""},"modified":"2026-04-10T18:44:03","modified_gmt":"2026-04-10T18:44:03","slug":"bico-key-de-couer-ripats-satiinviimistlusega-e215","status":"publish","type":"product","link":"https:\/\/bico.ee\/lv\/p\/bico-key-de-couer-kulons-satina-apdare-e215\/","title":{"rendered":"Bico &#8220;Key De Couer&#8221; kulons sat\u012bna apdar\u0113 (E215)"},"content":{"rendered":"<p>Da\u013ca no Bico m\u016b\u017e\u012bg\u0101 ikonu piekari\u0146u kl\u0101sta. Nosaukums: Key De Couer Noz\u012bme: dz\u012bv\u012bbas, zin\u0101\u0161anu un inici\u0101cijas atsl\u0113ga Ori\u0123in\u0101ls Bico izstr\u0101d\u0101ts kulons ar m\u016bsu unik\u0101lo oksid\u0113to mat\u0113to sudraba apdari. . Kulona platums: 1,3 cm garums: 2,4 cm<\/p>","protected":false},"excerpt":{"rendered":"<p>E215 825873074664<\/p>\n","protected":false},"featured_media":11329,"template":"","meta":[],"product_cat":[277,300],"product_tag":[],"_links":{"self":[{"href":"https:\/\/bico.ee\/lv\/wp-json\/wp\/v2\/product\/16102"}],"collection":[{"href":"https:\/\/bico.ee\/lv\/wp-json\/wp\/v2\/product"}],"about":[{"href":"https:\/\/bico.ee\/lv\/wp-json\/wp\/v2\/types\/product"}],"wp:featuredmedia":[{"embeddable":true,"href":"https:\/\/bico.ee\/lv\/wp-json\/wp\/v2\/media\/11329"}],"wp:attachment":[{"href":"https:\/\/bico.ee\/lv\/wp-json\/wp\/v2\/media?parent=16102"}],"wp:term":[{"taxonomy":"product_cat","embeddable":true,"href":"https:\/\/bico.ee\/lv\/wp-json\/wp\/v2\/product_cat?post=16102"},{"taxonomy":"product_tag","embeddable":true,"href":"https:\/\/bico.ee\/lv\/wp-json\/wp\/v2\/product_tag?post=16102"}],"curies":[{"name":"wp","href":"https:\/\/api.w.org\/{rel}","templated":true}]}}