{"id":16363,"date":"2026-04-10T18:43:55","date_gmt":"2026-04-10T18:43:55","guid":{"rendered":""},"modified":"2026-04-10T18:43:55","modified_gmt":"2026-04-10T18:43:55","slug":"bico-kings-queens-paaristatud-ripatsid-bp12-brown","status":"publish","type":"product","link":"https:\/\/bico.ee\/lv\/p\/bico-kings-queens-para-piekarini-bp12-brown\/","title":{"rendered":"Bico &#8220;Kings &#038; Queens&#8221; p\u0101ra piekari\u0146i (BP12 Brown)"},"content":{"rendered":"<p>Komplekt\u0101 tiek p\u0101rdots atbilsto\u0161s kulonu p\u0101ris, kas ir ide\u0101li piem\u0113rots sadal\u012b\u0161anai starp m\u012b\u013cajiem vai draugiem. <BR><UL><LI>Nosaukums: Kara\u013ci un karalienes <\/LI><LI>Noz\u012bme: Pasaule ir m\u016bsu tronis <\/LI><LI>Bico pied\u0101v\u0101 virkni \u0137\u0113\u017eu, \u0101das auklu un \u017e\u0146audz\u0113ju, lai pabeigtu atbilsto\u0161u piekari\u0146u p\u0101ri, kas atbilst piekari\u0146u p\u0101rim ar \u0101das ielikt\u0146iem. Kulona platums: 1,4 cm garums: 3 cm cilpas diametrs: 7 mm<\/p>","protected":false},"excerpt":{"rendered":"<p>BP12BR 825873044322<\/p>\n","protected":false},"featured_media":17092,"template":"","meta":[],"product_cat":[277,281],"product_tag":[],"_links":{"self":[{"href":"https:\/\/bico.ee\/lv\/wp-json\/wp\/v2\/product\/16363"}],"collection":[{"href":"https:\/\/bico.ee\/lv\/wp-json\/wp\/v2\/product"}],"about":[{"href":"https:\/\/bico.ee\/lv\/wp-json\/wp\/v2\/types\/product"}],"wp:featuredmedia":[{"embeddable":true,"href":"https:\/\/bico.ee\/lv\/wp-json\/wp\/v2\/media\/17092"}],"wp:attachment":[{"href":"https:\/\/bico.ee\/lv\/wp-json\/wp\/v2\/media?parent=16363"}],"wp:term":[{"taxonomy":"product_cat","embeddable":true,"href":"https:\/\/bico.ee\/lv\/wp-json\/wp\/v2\/product_cat?post=16363"},{"taxonomy":"product_tag","embeddable":true,"href":"https:\/\/bico.ee\/lv\/wp-json\/wp\/v2\/product_tag?post=16363"}],"curies":[{"name":"wp","href":"https:\/\/api.w.org\/{rel}","templated":true}]}}