{"id":18292,"date":"2026-04-10T18:43:54","date_gmt":"2026-04-10T18:43:54","guid":{"rendered":""},"modified":"2026-04-10T18:43:54","modified_gmt":"2026-04-10T18:43:54","slug":"bico-predator-hobe-messingist-vasest-voi-musta-tooniga-ripatsiga-tt5","status":"publish","type":"product","link":"https:\/\/bico.ee\/lv\/p\/bico-predator-sudrabs-ar-misina-vara-vai-melni-tonetu-kulonu-tt5\/","title":{"rendered":"Bico &#8220;Predator&#8221; sudrabs ar misi\u0146a, vara vai melni ton\u0113tu kulonu (TT5)&#8221;"},"content":{"rendered":"<p>Bez\u0161uvju divu da\u017e\u0101du elementu sajaukums, lai izveidotu vienu aizraujo\u0161u kulonu. Ar rok\u0101m pul\u0113ts sudraba, misi\u0146a vai vara alvas kulons ar unik\u0101lu aizsargp\u0101rkl\u0101jumu. <BR><UL><LI>Nosaukums: Pl\u0113s\u0113js <\/LI><LI>Noz\u012bme: Vienm\u0113r med\u012bb\u0101s, piedz\u012bvojumu mekl\u0113t\u0101js Ori\u0123in\u0101ls <\/LI><LI> Bico kulons, kas neman\u0101mi sajauc divus da\u017e\u0101dus elementus, lai izveidotu vienu aizraujo\u0161u kulonu. Pieejam\u0101 apdare: sudraba\/misi\u0146a, sudraba\/vara, sudraba\/melna. Kulona platums: 1,9 cm garums: 3,2 cm cilpas diametrs: 6,7 mm<\/p>","protected":false},"excerpt":{"rendered":"<p>TT5 0<\/p>\n","protected":false},"featured_media":18293,"template":"","meta":[],"product_cat":[277,278],"product_tag":[],"_links":{"self":[{"href":"https:\/\/bico.ee\/lv\/wp-json\/wp\/v2\/product\/18292"}],"collection":[{"href":"https:\/\/bico.ee\/lv\/wp-json\/wp\/v2\/product"}],"about":[{"href":"https:\/\/bico.ee\/lv\/wp-json\/wp\/v2\/types\/product"}],"wp:featuredmedia":[{"embeddable":true,"href":"https:\/\/bico.ee\/lv\/wp-json\/wp\/v2\/media\/18293"}],"wp:attachment":[{"href":"https:\/\/bico.ee\/lv\/wp-json\/wp\/v2\/media?parent=18292"}],"wp:term":[{"taxonomy":"product_cat","embeddable":true,"href":"https:\/\/bico.ee\/lv\/wp-json\/wp\/v2\/product_cat?post=18292"},{"taxonomy":"product_tag","embeddable":true,"href":"https:\/\/bico.ee\/lv\/wp-json\/wp\/v2\/product_tag?post=18292"}],"curies":[{"name":"wp","href":"https:\/\/api.w.org\/{rel}","templated":true}]}}