{"id":18298,"date":"2026-04-10T18:43:54","date_gmt":"2026-04-10T18:43:54","guid":{"rendered":""},"modified":"2026-04-10T18:43:54","modified_gmt":"2026-04-10T18:43:54","slug":"bico-maschio-hobe-messingist-vasest-voi-musta-tooniga-hoimuliipast-tt8","status":"publish","type":"product","link":"https:\/\/bico.ee\/lv\/p\/bico-maschio-sudrabs-ar-misina-vara-vai-melna-tona-cilsu-kulonu-tt8\/","title":{"rendered":"Bico &#8220;Maschio&#8221; sudrabs ar misi\u0146a, vara vai meln\u0101 to\u0146a cil\u0161u kulonu (TT8)"},"content":{"rendered":"<p>Bez\u0161uvju divu da\u017e\u0101du elementu sajaukums, lai izveidotu vienu aizraujo\u0161u kulonu. Ar rok\u0101m pul\u0113ts sudraba, misi\u0146a vai vara alvas kulons ar unik\u0101lu aizsargp\u0101rkl\u0101jumu. <BR><UL><LI>Nosaukums: Maschio <\/LI><LI>Noz\u012bme: v\u012bri\u0161\u0137\u012bgs, bu\u013clis Ori\u0123in\u0101ls <\/LI><LI> Bico kulons, kas neman\u0101mi sajauc divus da\u017e\u0101dus elementus, lai izveidotu vienu aizraujo\u0161u kulonu. Pieejam\u0101 apdare: sudraba\/misi\u0146a, sudraba\/vara, sudraba\/melna. Kulona platums: 2,2 cm garums: 3,5 cm cilpas diametrs: 6,7 mm<\/p>","protected":false},"excerpt":{"rendered":"<p>TT8 0<\/p>\n","protected":false},"featured_media":18299,"template":"","meta":[],"product_cat":[277,278],"product_tag":[],"_links":{"self":[{"href":"https:\/\/bico.ee\/lv\/wp-json\/wp\/v2\/product\/18298"}],"collection":[{"href":"https:\/\/bico.ee\/lv\/wp-json\/wp\/v2\/product"}],"about":[{"href":"https:\/\/bico.ee\/lv\/wp-json\/wp\/v2\/types\/product"}],"wp:featuredmedia":[{"embeddable":true,"href":"https:\/\/bico.ee\/lv\/wp-json\/wp\/v2\/media\/18299"}],"wp:attachment":[{"href":"https:\/\/bico.ee\/lv\/wp-json\/wp\/v2\/media?parent=18298"}],"wp:term":[{"taxonomy":"product_cat","embeddable":true,"href":"https:\/\/bico.ee\/lv\/wp-json\/wp\/v2\/product_cat?post=18298"},{"taxonomy":"product_tag","embeddable":true,"href":"https:\/\/bico.ee\/lv\/wp-json\/wp\/v2\/product_tag?post=18298"}],"curies":[{"name":"wp","href":"https:\/\/api.w.org\/{rel}","templated":true}]}}