{"id":18314,"date":"2026-04-10T18:43:54","date_gmt":"2026-04-10T18:43:54","guid":{"rendered":""},"modified":"2026-04-10T18:43:54","modified_gmt":"2026-04-10T18:43:54","slug":"bico-lionheart-ripats-roosipuuga-ew7","status":"publish","type":"product","link":"https:\/\/bico.ee\/lv\/p\/bico-lionheart-kulons-ar-rozkoksni-ew7\/","title":{"rendered":"Bico &#8220;Lionheart&#8221; kulons ar ro\u017ekoksni (EW7)"},"content":{"rendered":"<p>Sp\u0113c\u012bga m\u0101ksl\u012bgu un dabisku elementu kombin\u0101cija. Ar rok\u0101m pul\u0113ts melns, gatavots alvas kulons ar ro\u017ekoka ieliktni. <BR><UL><LI>Nosaukums: Lauvas sirds <\/LI><LI>Noz\u012bme: Bravery &#038; Fortitude <\/LI><LI> Bico pied\u0101v\u0101 virkni melnu gatavo \u0137\u0113\u017eu, \u0101das auklu un aizkaru, kas papildin\u0101s \u0161o kulonu Pieejam\u0101 apdare: sudraba vai melna ar ro\u017ekoka ieliktni. Kulona platums: 2,4 cm Garums: 4 cm Cilpas diametrs: 9 mm<\/p>","protected":false},"excerpt":{"rendered":"<p>EW7 0<\/p>\n","protected":false},"featured_media":18315,"template":"","meta":[],"product_cat":[277,279],"product_tag":[],"_links":{"self":[{"href":"https:\/\/bico.ee\/lv\/wp-json\/wp\/v2\/product\/18314"}],"collection":[{"href":"https:\/\/bico.ee\/lv\/wp-json\/wp\/v2\/product"}],"about":[{"href":"https:\/\/bico.ee\/lv\/wp-json\/wp\/v2\/types\/product"}],"wp:featuredmedia":[{"embeddable":true,"href":"https:\/\/bico.ee\/lv\/wp-json\/wp\/v2\/media\/18315"}],"wp:attachment":[{"href":"https:\/\/bico.ee\/lv\/wp-json\/wp\/v2\/media?parent=18314"}],"wp:term":[{"taxonomy":"product_cat","embeddable":true,"href":"https:\/\/bico.ee\/lv\/wp-json\/wp\/v2\/product_cat?post=18314"},{"taxonomy":"product_tag","embeddable":true,"href":"https:\/\/bico.ee\/lv\/wp-json\/wp\/v2\/product_tag?post=18314"}],"curies":[{"name":"wp","href":"https:\/\/api.w.org\/{rel}","templated":true}]}}