{"id":18318,"date":"2026-04-10T18:43:54","date_gmt":"2026-04-10T18:43:54","guid":{"rendered":""},"modified":"2026-04-10T18:43:54","modified_gmt":"2026-04-10T18:43:54","slug":"bico-urban-ristripats-roosipuuga-ew16","status":"publish","type":"product","link":"https:\/\/bico.ee\/lv\/p\/bico-urban-krusta-kulons-ar-rozkoksni-ew16\/","title":{"rendered":"Bico &#8220;Urban&#8221; krusta kulons ar ro\u017ekoksni (EW16)&#8221;"},"content":{"rendered":"<p>Sp\u0113c\u012bga m\u0101ksl\u012bgu un dabisku elementu kombin\u0101cija. Ar rok\u0101m pul\u0113ts melns, gatavots alvas kulons ar ro\u017ekoka ieliktni. <BR><UL><LI>Nosaukums: Pils\u0113tas krusts <\/LI><LI>Noz\u012bme: Tic\u012bba iel\u0101m <\/LI><LI> Bico pied\u0101v\u0101 virkni melnu gatavo \u0137\u0113\u017eu, \u0101das auklu un aizb\u0101\u017e\u0146u, kas papildin\u0101s \u0161o kulonu Pieejam\u0101 apdare: sudraba vai melna ar ro\u017ekoka ieliktni. Kulona platums: 2,7 cm Garums: 3,9 cm Cilpas diametrs: 6,5 mm<\/p>","protected":false},"excerpt":{"rendered":"<p>EW16 0<\/p>\n","protected":false},"featured_media":18319,"template":"","meta":[],"product_cat":[277,279],"product_tag":[],"_links":{"self":[{"href":"https:\/\/bico.ee\/lv\/wp-json\/wp\/v2\/product\/18318"}],"collection":[{"href":"https:\/\/bico.ee\/lv\/wp-json\/wp\/v2\/product"}],"about":[{"href":"https:\/\/bico.ee\/lv\/wp-json\/wp\/v2\/types\/product"}],"wp:featuredmedia":[{"embeddable":true,"href":"https:\/\/bico.ee\/lv\/wp-json\/wp\/v2\/media\/18319"}],"wp:attachment":[{"href":"https:\/\/bico.ee\/lv\/wp-json\/wp\/v2\/media?parent=18318"}],"wp:term":[{"taxonomy":"product_cat","embeddable":true,"href":"https:\/\/bico.ee\/lv\/wp-json\/wp\/v2\/product_cat?post=18318"},{"taxonomy":"product_tag","embeddable":true,"href":"https:\/\/bico.ee\/lv\/wp-json\/wp\/v2\/product_tag?post=18318"}],"curies":[{"name":"wp","href":"https:\/\/api.w.org\/{rel}","templated":true}]}}