{"id":18322,"date":"2026-04-10T18:43:55","date_gmt":"2026-04-10T18:43:55","guid":{"rendered":""},"modified":"2026-04-10T18:43:55","modified_gmt":"2026-04-10T18:43:55","slug":"bico-igavene-armastus-paaritud-lumehelveste-ripatsid-bp1","status":"publish","type":"product","link":"https:\/\/bico.ee\/lv\/p\/bico-muziga-milestiba-pari-savienotie-sniega-parslu-piekarini-bp1\/","title":{"rendered":"Bico &#8220;M\u016b\u017e\u012bg\u0101 m\u012blest\u012bba&#8221; p\u0101r\u012b savienotie sniega p\u0101rslu piekari\u0146i (BP1)&#8221;"},"content":{"rendered":"<p>Atbilsto\u0161s kulonu p\u0101ris ar sudraba un zelta p\u0101rkl\u0101jumu tiek p\u0101rdots komplekt\u0101, kas ir ide\u0101li piem\u0113rots sadal\u012b\u0161anai starp m\u012b\u013cajiem vai draugiem. <BR><UL><LI>Nosaukums: M\u016b\u017e\u012bg\u0101 m\u012blest\u012bba <\/LI><LI>Noz\u012bme: M\u012blest\u012bba uz m\u016b\u017e\u012bg\u0101m ziemas atmi\u0146\u0101m <\/LI><LI>Bico pied\u0101v\u0101 virkni \u0137\u0113\u017eu, \u0101das auklu un aizb\u0101\u017e\u0146u, lai pabeigtu atbilsto\u0161u piekari\u0146u p\u0101ri. Pieejam\u0101 apdare: sniegp\u0101rsla var b\u016bt zelta vai sudraba kr\u0101s\u0101. Kulona platums: 1,9 cm garums: 3,8 cm cilpas diametrs: 9 mm<\/p>","protected":false},"excerpt":{"rendered":"<p>BP1 0<\/p>\n","protected":false},"featured_media":18323,"template":"","meta":[],"product_cat":[277,281],"product_tag":[],"_links":{"self":[{"href":"https:\/\/bico.ee\/lv\/wp-json\/wp\/v2\/product\/18322"}],"collection":[{"href":"https:\/\/bico.ee\/lv\/wp-json\/wp\/v2\/product"}],"about":[{"href":"https:\/\/bico.ee\/lv\/wp-json\/wp\/v2\/types\/product"}],"wp:featuredmedia":[{"embeddable":true,"href":"https:\/\/bico.ee\/lv\/wp-json\/wp\/v2\/media\/18323"}],"wp:attachment":[{"href":"https:\/\/bico.ee\/lv\/wp-json\/wp\/v2\/media?parent=18322"}],"wp:term":[{"taxonomy":"product_cat","embeddable":true,"href":"https:\/\/bico.ee\/lv\/wp-json\/wp\/v2\/product_cat?post=18322"},{"taxonomy":"product_tag","embeddable":true,"href":"https:\/\/bico.ee\/lv\/wp-json\/wp\/v2\/product_tag?post=18322"}],"curies":[{"name":"wp","href":"https:\/\/api.w.org\/{rel}","templated":true}]}}