{"id":18324,"date":"2026-04-24T07:43:51","date_gmt":"2026-04-24T07:43:51","guid":{"rendered":""},"modified":"2026-04-24T07:43:51","modified_gmt":"2026-04-24T07:43:51","slug":"bico-dark-love-paaristatud-ripatsid-bp4","status":"publish","type":"product","link":"https:\/\/bico.ee\/lv\/p\/bico-dark-love-para-piekarini-bp4\/","title":{"rendered":"Bico &#8220;Dark Love&#8221; p\u0101ra piekari\u0146i (BP4)"},"content":{"rendered":"<p>Atbilsto\u0161s kulonu p\u0101ris ar sudraba un melnu p\u0101rkl\u0101jumu tiek p\u0101rdots komplekt\u0101, kas ir ide\u0101li piem\u0113rots sadal\u012b\u0161anai starp m\u012b\u013cajiem vai draugiem. <BR><UL><LI>Nosaukums: Tum\u0161a m\u012blest\u012bba <\/LI><LI>Noz\u012bme: Kaisl\u012bga un nemirst\u012bga pie\u0137er\u0161an\u0101s Sl\u0113pta uztic\u012bba <\/LI><LI>Bico pied\u0101v\u0101 virkni \u0137\u0113\u017eu, \u0101das auklu un piekari\u0146u, lai pabeigtu atbilsto\u0161u piekari\u0146u p\u0101ri. Pieejam\u0101 apdare: Siksp\u0101rnis var b\u016bt meln\u0101 vai sudraba kr\u0101s\u0101. Kulona platums: 2 cm garums: 3,9 cm cilpas diametrs: 9 mm<\/p>","protected":false},"excerpt":{"rendered":"<p>BP4 0<\/p>\n","protected":false},"featured_media":18325,"template":"","meta":[],"product_cat":[277,281],"product_tag":[],"_links":{"self":[{"href":"https:\/\/bico.ee\/lv\/wp-json\/wp\/v2\/product\/18324"}],"collection":[{"href":"https:\/\/bico.ee\/lv\/wp-json\/wp\/v2\/product"}],"about":[{"href":"https:\/\/bico.ee\/lv\/wp-json\/wp\/v2\/types\/product"}],"wp:featuredmedia":[{"embeddable":true,"href":"https:\/\/bico.ee\/lv\/wp-json\/wp\/v2\/media\/18325"}],"wp:attachment":[{"href":"https:\/\/bico.ee\/lv\/wp-json\/wp\/v2\/media?parent=18324"}],"wp:term":[{"taxonomy":"product_cat","embeddable":true,"href":"https:\/\/bico.ee\/lv\/wp-json\/wp\/v2\/product_cat?post=18324"},{"taxonomy":"product_tag","embeddable":true,"href":"https:\/\/bico.ee\/lv\/wp-json\/wp\/v2\/product_tag?post=18324"}],"curies":[{"name":"wp","href":"https:\/\/api.w.org\/{rel}","templated":true}]}}