{"id":18328,"date":"2026-04-10T18:43:55","date_gmt":"2026-04-10T18:43:55","guid":{"rendered":""},"modified":"2026-04-10T18:43:55","modified_gmt":"2026-04-10T18:43:55","slug":"bico-sacred-shieldsi-paaritud-ristripatsid-bp6","status":"publish","type":"product","link":"https:\/\/bico.ee\/lv\/p\/bico-sacred-shields-pari-savienotie-krusta-piekarini-bp6\/","title":{"rendered":"Bico &#8220;Sacred Shields&#8221; p\u0101r\u012b savienotie krusta piekari\u0146i (BP6)"},"content":{"rendered":"<p>Atbilsto\u0161s kulonu p\u0101ris ar sudraba un zelta p\u0101rkl\u0101jumu tiek p\u0101rdots komplekt\u0101, kas ir ide\u0101li piem\u0113rots sadal\u012b\u0161anai starp m\u012b\u013cajiem vai draugiem. <BR><UL><LI>Nosaukums: Sv\u0113tie vairogi <\/LI><LI>Noz\u012bme: Savstarp\u0113ja aizsardz\u012bba, stipro alkoholisko dz\u0113rienu siner\u0123ija <\/LI><LI>Bico pied\u0101v\u0101 virkni \u0137\u0113\u017eu, \u0101das auklu un piekari\u0146u, lai pabeigtu atbilsto\u0161u piekari\u0146u p\u0101ri. Pieejam\u0101 apdare: krusts var b\u016bt zelta vai meln\u0101 kr\u0101s\u0101. Kulona platums: 2 cm garums: 3,9 cm cilpas diametrs: 9 mm<\/p>","protected":false},"excerpt":{"rendered":"<p>BP6 0<\/p>\n","protected":false},"featured_media":18329,"template":"","meta":[],"product_cat":[277,281],"product_tag":[],"_links":{"self":[{"href":"https:\/\/bico.ee\/lv\/wp-json\/wp\/v2\/product\/18328"}],"collection":[{"href":"https:\/\/bico.ee\/lv\/wp-json\/wp\/v2\/product"}],"about":[{"href":"https:\/\/bico.ee\/lv\/wp-json\/wp\/v2\/types\/product"}],"wp:featuredmedia":[{"embeddable":true,"href":"https:\/\/bico.ee\/lv\/wp-json\/wp\/v2\/media\/18329"}],"wp:attachment":[{"href":"https:\/\/bico.ee\/lv\/wp-json\/wp\/v2\/media?parent=18328"}],"wp:term":[{"taxonomy":"product_cat","embeddable":true,"href":"https:\/\/bico.ee\/lv\/wp-json\/wp\/v2\/product_cat?post=18328"},{"taxonomy":"product_tag","embeddable":true,"href":"https:\/\/bico.ee\/lv\/wp-json\/wp\/v2\/product_tag?post=18328"}],"curies":[{"name":"wp","href":"https:\/\/api.w.org\/{rel}","templated":true}]}}