{"id":18330,"date":"2026-04-10T18:43:55","date_gmt":"2026-04-10T18:43:55","guid":{"rendered":""},"modified":"2026-04-10T18:43:55","modified_gmt":"2026-04-10T18:43:55","slug":"bico-magpie-ripats-nahaga-el1","status":"publish","type":"product","link":"https:\/\/bico.ee\/lv\/p\/bico-magpie-kulons-ar-adu-el1\/","title":{"rendered":"Bico &#8220;Magpie&#8221; kulons ar \u0101du (EL1)"},"content":{"rendered":"<p>Sp\u0113c\u012bga m\u0101ksl\u012bgu un dabisku elementu kombin\u0101cija, kas apvieno ar roku pul\u0113tus sudrabotus alvas piekari\u0146us ar rakstainiem \u0101das ielikt\u0146iem. <BR><UL><LI>Nosaukums: Sarkans <\/LI><LI>Noz\u012bme: \u013baunpr\u0101t\u012bgais palaidnis <\/LI><LI> Bico pied\u0101v\u0101 virkni mat\u0113tu gatavo \u0137\u0113\u017eu un \u0101das auklu un kaklasaites, kas papildin\u0101s \u0161o kulonu Pieejam\u0101 apdare: sudraba\/melna \u0101da vai melna\/br\u016bna \u0101da. Kulona platums: 1,5 cm garums: 4,1 cm cilpas diametrs: 6,5 mm<\/p>","protected":false},"excerpt":{"rendered":"<p>EL1 0<\/p>\n","protected":false},"featured_media":18331,"template":"","meta":[],"product_cat":[277,284],"product_tag":[],"_links":{"self":[{"href":"https:\/\/bico.ee\/lv\/wp-json\/wp\/v2\/product\/18330"}],"collection":[{"href":"https:\/\/bico.ee\/lv\/wp-json\/wp\/v2\/product"}],"about":[{"href":"https:\/\/bico.ee\/lv\/wp-json\/wp\/v2\/types\/product"}],"wp:featuredmedia":[{"embeddable":true,"href":"https:\/\/bico.ee\/lv\/wp-json\/wp\/v2\/media\/18331"}],"wp:attachment":[{"href":"https:\/\/bico.ee\/lv\/wp-json\/wp\/v2\/media?parent=18330"}],"wp:term":[{"taxonomy":"product_cat","embeddable":true,"href":"https:\/\/bico.ee\/lv\/wp-json\/wp\/v2\/product_cat?post=18330"},{"taxonomy":"product_tag","embeddable":true,"href":"https:\/\/bico.ee\/lv\/wp-json\/wp\/v2\/product_tag?post=18330"}],"curies":[{"name":"wp","href":"https:\/\/api.w.org\/{rel}","templated":true}]}}