{"id":18338,"date":"2026-04-10T18:43:55","date_gmt":"2026-04-10T18:43:55","guid":{"rendered":""},"modified":"2026-04-10T18:43:55","modified_gmt":"2026-04-10T18:43:55","slug":"nahast-ripats-bico-aris-el7","status":"publish","type":"product","link":"https:\/\/bico.ee\/lv\/p\/bico-aris-kulons-ar-adu-el7\/","title":{"rendered":"Bico &#8220;Aris&#8221; kulons ar \u0101du (EL7)"},"content":{"rendered":"<p>Sp\u0113c\u012bga m\u0101ksl\u012bgu un dabisku elementu kombin\u0101cija, kas apvieno ar roku pul\u0113tus sudrabotus alvas piekari\u0146us ar rakstainiem \u0101das ielikt\u0146iem. <BR><UL><LI>Nosaukums: Aris <\/LI><LI>Noz\u012bme: Uz\u0146\u0113m\u012bgs un sp\u0113j\u012bgs piel\u0101goties <\/LI><LI> Bico pied\u0101v\u0101 virkni mat\u0113tu gatavo \u0137\u0113\u017eu un \u0101das auklu un aizb\u0101\u017e\u0146u, kas papildin\u0101s \u0161o kulonu Pieejam\u0101 apdare: sudraba\/melna \u0101da vai melna\/br\u016bna \u0101da. Kulona platums: 2,7 cm Garums: 3,6 cm Cilpas diametrs: 6,5 mm<\/p>","protected":false},"excerpt":{"rendered":"<p>EL7 0<\/p>\n","protected":false},"featured_media":18339,"template":"","meta":[],"product_cat":[277,284],"product_tag":[],"_links":{"self":[{"href":"https:\/\/bico.ee\/lv\/wp-json\/wp\/v2\/product\/18338"}],"collection":[{"href":"https:\/\/bico.ee\/lv\/wp-json\/wp\/v2\/product"}],"about":[{"href":"https:\/\/bico.ee\/lv\/wp-json\/wp\/v2\/types\/product"}],"wp:featuredmedia":[{"embeddable":true,"href":"https:\/\/bico.ee\/lv\/wp-json\/wp\/v2\/media\/18339"}],"wp:attachment":[{"href":"https:\/\/bico.ee\/lv\/wp-json\/wp\/v2\/media?parent=18338"}],"wp:term":[{"taxonomy":"product_cat","embeddable":true,"href":"https:\/\/bico.ee\/lv\/wp-json\/wp\/v2\/product_cat?post=18338"},{"taxonomy":"product_tag","embeddable":true,"href":"https:\/\/bico.ee\/lv\/wp-json\/wp\/v2\/product_tag?post=18338"}],"curies":[{"name":"wp","href":"https:\/\/api.w.org\/{rel}","templated":true}]}}