{"id":18340,"date":"2026-04-10T18:43:55","date_gmt":"2026-04-10T18:43:55","guid":{"rendered":""},"modified":"2026-04-10T18:43:55","modified_gmt":"2026-04-10T18:43:55","slug":"bico-tuuma-ripats-nahaga-el8","status":"publish","type":"product","link":"https:\/\/bico.ee\/lv\/p\/bico-kodola-kulons-ar-adu-el8\/","title":{"rendered":"Bico &#8220;Kodola&#8221; kulons ar \u0101du (EL8)"},"content":{"rendered":"<p>Sp\u0113c\u012bga m\u0101ksl\u012bgu un dabisku elementu kombin\u0101cija, kas apvieno ar roku pul\u0113tus sudrabotus alvas piekari\u0146us ar rakstainiem \u0101das ielikt\u0146iem. <BR><UL><LI>Nosaukums: kodolener\u0123ijas <\/LI><LI>Noz\u012bme: di\u017eenums vai n\u0101v\u0113jo\u0161s tr\u016bkums? <\/LI><LI> Bico pied\u0101v\u0101 virkni mat\u0113tu \u0137\u0113\u017eu, \u0101das auklu un aizkaru, kas papildin\u0101s \u0161o kulonu Pieejam\u0101 apdare: sudraba\/melna \u0101da vai melna\/br\u016bna \u0101da. Kulona platums: 2,8 cm garums: 2,8 cm cilpas diametrs: 6,5 mm<\/p>","protected":false},"excerpt":{"rendered":"<p>EL8 0<\/p>\n","protected":false},"featured_media":18341,"template":"","meta":[],"product_cat":[277,284],"product_tag":[],"_links":{"self":[{"href":"https:\/\/bico.ee\/lv\/wp-json\/wp\/v2\/product\/18340"}],"collection":[{"href":"https:\/\/bico.ee\/lv\/wp-json\/wp\/v2\/product"}],"about":[{"href":"https:\/\/bico.ee\/lv\/wp-json\/wp\/v2\/types\/product"}],"wp:featuredmedia":[{"embeddable":true,"href":"https:\/\/bico.ee\/lv\/wp-json\/wp\/v2\/media\/18341"}],"wp:attachment":[{"href":"https:\/\/bico.ee\/lv\/wp-json\/wp\/v2\/media?parent=18340"}],"wp:term":[{"taxonomy":"product_cat","embeddable":true,"href":"https:\/\/bico.ee\/lv\/wp-json\/wp\/v2\/product_cat?post=18340"},{"taxonomy":"product_tag","embeddable":true,"href":"https:\/\/bico.ee\/lv\/wp-json\/wp\/v2\/product_tag?post=18340"}],"curies":[{"name":"wp","href":"https:\/\/api.w.org\/{rel}","templated":true}]}}