{"id":18458,"date":"2026-04-10T18:43:57","date_gmt":"2026-04-10T18:43:57","guid":{"rendered":""},"modified":"2026-04-10T18:43:57","modified_gmt":"2026-04-10T18:43:57","slug":"bico-phoenix-cycle-vaik-ja-metallist-lilleripats-b143","status":"publish","type":"product","link":"https:\/\/bico.ee\/lv\/p\/bico-phoenix-cycle-sveki-un-metala-ziedu-kulons-b143\/","title":{"rendered":"Bico &#8220;Phoenix Cycle&#8221; sve\u0137i un met\u0101la ziedu kulons (B143)"},"content":{"rendered":"<p>Da\u013ca no Bico m\u016b\u017e\u012bg\u0101 paraksta kulonu kl\u0101sta, apvienojot met\u0101lu ar kr\u0101sainiem sve\u0137u pild\u012bjumiem. <BR><UL><LI>Nosaukums: F\u0113niksa cikls <\/LI><LI>Noz\u012bme: No\u017e\u016bt, augt, zied\u0113t <\/LI><LI>Bico pied\u0101v\u0101 virkni mat\u0113tu gatavo \u0137\u0113\u017eu un \u0101das auklu un kaklasaites, kas papildin\u0101s \u0161o kulonu Pieejam\u0101s kr\u0101sas: zila, melna, sarkana, gai\u0161i zila, roz\u0101. Kulona platums: 3.3 cm Garums: 3.3 cm Cilpas diametrs: 5 mm<\/p>","protected":false},"excerpt":{"rendered":"<p>B143 0<\/p>\n","protected":false},"featured_media":18459,"template":"","meta":[],"product_cat":[277,289],"product_tag":[],"_links":{"self":[{"href":"https:\/\/bico.ee\/lv\/wp-json\/wp\/v2\/product\/18458"}],"collection":[{"href":"https:\/\/bico.ee\/lv\/wp-json\/wp\/v2\/product"}],"about":[{"href":"https:\/\/bico.ee\/lv\/wp-json\/wp\/v2\/types\/product"}],"wp:featuredmedia":[{"embeddable":true,"href":"https:\/\/bico.ee\/lv\/wp-json\/wp\/v2\/media\/18459"}],"wp:attachment":[{"href":"https:\/\/bico.ee\/lv\/wp-json\/wp\/v2\/media?parent=18458"}],"wp:term":[{"taxonomy":"product_cat","embeddable":true,"href":"https:\/\/bico.ee\/lv\/wp-json\/wp\/v2\/product_cat?post=18458"},{"taxonomy":"product_tag","embeddable":true,"href":"https:\/\/bico.ee\/lv\/wp-json\/wp\/v2\/product_tag?post=18458"}],"curies":[{"name":"wp","href":"https:\/\/api.w.org\/{rel}","templated":true}]}}