{"id":18507,"date":"2026-04-10T18:43:57","date_gmt":"2026-04-10T18:43:57","guid":{"rendered":""},"modified":"2026-04-10T18:43:57","modified_gmt":"2026-04-10T18:43:57","slug":"bico-keskaegne-paikesekilp-labipaistev-vaik-ja-metallist-ripats-bt44","status":"publish","type":"product","link":"https:\/\/bico.ee\/lv\/p\/bico-viduslaiku-saules-vairogs-caurspidigi-sveki-un-metala-kulons-bt44\/","title":{"rendered":"Bico &#8220;Viduslaiku saules vairogs&#8221; caursp\u012bd\u012bgi sve\u0137i un met\u0101la kulons (BT44)"},"content":{"rendered":"<p>Unik\u0101ls kulona stils ar caursp\u012bd\u012bgu kr\u0101sainu sve\u0137u logiem, kas piek\u0101rti ar roku pul\u0113tu sp\u012bd\u012bgu alvas r\u0101mi. <BR><UL><LI>Nosaukums: Viduslaiku saules vairogs <\/LI><LI>Noz\u012bme: iedvesma gaismai Soul <\/LI><LI>Bico pied\u0101v\u0101 pul\u0113tu (FT) \u0137\u0113\u017eu, \u0101das auklu un aizkaru kl\u0101stu, kas papildin\u0101s \u0161o piekari\u0146u Pieejam\u0101s kr\u0101sas: zila, melna, sarkana. Kulona platums: 2,7 cm Garums: 2,8 cm Cilpas diametrs: 6,5 mm<\/p>","protected":false},"excerpt":{"rendered":"<p>BT44 0<\/p>\n","protected":false},"featured_media":18508,"template":"","meta":[],"product_cat":[89],"product_tag":[],"_links":{"self":[{"href":"https:\/\/bico.ee\/lv\/wp-json\/wp\/v2\/product\/18507"}],"collection":[{"href":"https:\/\/bico.ee\/lv\/wp-json\/wp\/v2\/product"}],"about":[{"href":"https:\/\/bico.ee\/lv\/wp-json\/wp\/v2\/types\/product"}],"wp:featuredmedia":[{"embeddable":true,"href":"https:\/\/bico.ee\/lv\/wp-json\/wp\/v2\/media\/18508"}],"wp:attachment":[{"href":"https:\/\/bico.ee\/lv\/wp-json\/wp\/v2\/media?parent=18507"}],"wp:term":[{"taxonomy":"product_cat","embeddable":true,"href":"https:\/\/bico.ee\/lv\/wp-json\/wp\/v2\/product_cat?post=18507"},{"taxonomy":"product_tag","embeddable":true,"href":"https:\/\/bico.ee\/lv\/wp-json\/wp\/v2\/product_tag?post=18507"}],"curies":[{"name":"wp","href":"https:\/\/api.w.org\/{rel}","templated":true}]}}