{"id":18511,"date":"2026-04-10T18:43:58","date_gmt":"2026-04-10T18:43:58","guid":{"rendered":""},"modified":"2026-04-10T18:43:58","modified_gmt":"2026-04-10T18:43:58","slug":"bico-eddy-labipaistev-vaik-ja-metallist-lainelaua-ripats-bt53","status":"publish","type":"product","link":"https:\/\/bico.ee\/lv\/p\/bico-eddy-caurspidigie-sveki-un-metala-vejdela-kulons-bt53\/","title":{"rendered":"Bico &#8220;Eddy&#8221; caursp\u012bd\u012bgie sve\u0137i un met\u0101la v\u0113jd\u0113\u013ca kulons (BT53)"},"content":{"rendered":"<p>Unik\u0101ls kulona stils ar caursp\u012bd\u012bgu kr\u0101sainu sve\u0137u logiem, kas piek\u0101rti ar roku pul\u0113tu sp\u012bd\u012bgu alvas r\u0101mi. <BR><UL><LI>Nosaukums: Eddy <\/LI><LI>Noz\u012bme: Fast Mover <\/LI><LI>Bico pied\u0101v\u0101 pul\u0113tu (FT) \u0137\u0113\u017eu, \u0101das auklu un aizkaru kl\u0101stu, kas papildin\u0101s \u0161o kulonu Pieejam\u0101s kr\u0101sas: zila, melna, sarkana. Kulona platums: 1,1 cm Garums: 4,4 cm Cilpas diametrs: 6,5 mm<\/p>","protected":false},"excerpt":{"rendered":"<p>BT53 0<\/p>\n","protected":false},"featured_media":18512,"template":"","meta":[],"product_cat":[89],"product_tag":[],"_links":{"self":[{"href":"https:\/\/bico.ee\/lv\/wp-json\/wp\/v2\/product\/18511"}],"collection":[{"href":"https:\/\/bico.ee\/lv\/wp-json\/wp\/v2\/product"}],"about":[{"href":"https:\/\/bico.ee\/lv\/wp-json\/wp\/v2\/types\/product"}],"wp:featuredmedia":[{"embeddable":true,"href":"https:\/\/bico.ee\/lv\/wp-json\/wp\/v2\/media\/18512"}],"wp:attachment":[{"href":"https:\/\/bico.ee\/lv\/wp-json\/wp\/v2\/media?parent=18511"}],"wp:term":[{"taxonomy":"product_cat","embeddable":true,"href":"https:\/\/bico.ee\/lv\/wp-json\/wp\/v2\/product_cat?post=18511"},{"taxonomy":"product_tag","embeddable":true,"href":"https:\/\/bico.ee\/lv\/wp-json\/wp\/v2\/product_tag?post=18511"}],"curies":[{"name":"wp","href":"https:\/\/api.w.org\/{rel}","templated":true}]}}