{"id":18519,"date":"2026-04-10T18:43:58","date_gmt":"2026-04-10T18:43:58","guid":{"rendered":""},"modified":"2026-04-10T18:43:58","modified_gmt":"2026-04-10T18:43:58","slug":"bico-tyra-spear-vaike-labipaistev-vaik-ja-metallist-ripats-bts14","status":"publish","type":"product","link":"https:\/\/bico.ee\/lv\/p\/bico-tyra-spear-mazie-caurspidigie-sveki-un-metala-kulons-bts14\/","title":{"rendered":"Bico &#8220;Tyra Spear&#8221; mazie caursp\u012bd\u012bgie sve\u0137i un met\u0101la kulons (BTS14)"},"content":{"rendered":"<p>Unik\u0101ls kulona stils ar caursp\u012bd\u012bgu kr\u0101sainu sve\u0137u logiem, kas piek\u0101rti ar roku pul\u0113tu sp\u012bd\u012bgu alvas r\u0101mi. <BR><UL><LI>Nosaukums: Tyra Spear <\/LI><LI>Noz\u012bme: ap\u0146\u0113m\u012bba un piedz\u012bvojums <\/LI><LI>Bico pied\u0101v\u0101 pul\u0113tu (FT) \u0137\u0113\u017eu, \u0101das auklu un piekari\u0146u kl\u0101stu, kas papildin\u0101s \u0161o kulonu Pieejam\u0101s kr\u0101sas: zila, melna, sarkana. Kulona platums: 2,1 cm Garums: 2,8 cm Cilpas diametrs: 6,5 mm<\/p>","protected":false},"excerpt":{"rendered":"<p>BTS14 0<\/p>\n","protected":false},"featured_media":18520,"template":"","meta":[],"product_cat":[89],"product_tag":[],"_links":{"self":[{"href":"https:\/\/bico.ee\/lv\/wp-json\/wp\/v2\/product\/18519"}],"collection":[{"href":"https:\/\/bico.ee\/lv\/wp-json\/wp\/v2\/product"}],"about":[{"href":"https:\/\/bico.ee\/lv\/wp-json\/wp\/v2\/types\/product"}],"wp:featuredmedia":[{"embeddable":true,"href":"https:\/\/bico.ee\/lv\/wp-json\/wp\/v2\/media\/18520"}],"wp:attachment":[{"href":"https:\/\/bico.ee\/lv\/wp-json\/wp\/v2\/media?parent=18519"}],"wp:term":[{"taxonomy":"product_cat","embeddable":true,"href":"https:\/\/bico.ee\/lv\/wp-json\/wp\/v2\/product_cat?post=18519"},{"taxonomy":"product_tag","embeddable":true,"href":"https:\/\/bico.ee\/lv\/wp-json\/wp\/v2\/product_tag?post=18519"}],"curies":[{"name":"wp","href":"https:\/\/api.w.org\/{rel}","templated":true}]}}