{"id":18533,"date":"2026-04-10T18:43:58","date_gmt":"2026-04-10T18:43:58","guid":{"rendered":""},"modified":"2026-04-10T18:43:58","modified_gmt":"2026-04-10T18:43:58","slug":"bico-kaljukitse-vaik-ja-metallist-sodiaagitahtede-ripats-z1","status":"publish","type":"product","link":"https:\/\/bico.ee\/lv\/p\/bico-mezazis-sveki-un-metala-zodiaka-zvaigznu-zimes-kulons-z1\/","title":{"rendered":"Bico &#8220;Me\u017e\u0101zis&#8221; sve\u0137i un met\u0101la zodiaka zvaig\u017e\u0146u z\u012bmes kulons (Z1)"},"content":{"rendered":"<p>Zodiaka kuloni, kas apvieno met\u0101lu ar kr\u0101sainiem sve\u0137u pild\u012bjumiem. <BR><UL><LI>Nosaukums: Me\u017e\u0101zis <\/LI><LI>Noz\u012bme: Starsign Unik\u0101la dizaina <\/LI><LI>Bico Australia sudraba p\u0101rkl\u0101juma alvas kulons, piepild\u012bts ar caursp\u012bd\u012bgiem sve\u0137iem. Pieejam\u0101s kr\u0101sas: zila, melna, sarkana. Kulona platums: 2,3 cm garums: 2,3 cm cilpas diametrs: 6,5 mm<\/p>","protected":false},"excerpt":{"rendered":"<p>Z1 0<\/p>\n","protected":false},"featured_media":18534,"template":"","meta":[],"product_cat":[277,290],"product_tag":[],"_links":{"self":[{"href":"https:\/\/bico.ee\/lv\/wp-json\/wp\/v2\/product\/18533"}],"collection":[{"href":"https:\/\/bico.ee\/lv\/wp-json\/wp\/v2\/product"}],"about":[{"href":"https:\/\/bico.ee\/lv\/wp-json\/wp\/v2\/types\/product"}],"wp:featuredmedia":[{"embeddable":true,"href":"https:\/\/bico.ee\/lv\/wp-json\/wp\/v2\/media\/18534"}],"wp:attachment":[{"href":"https:\/\/bico.ee\/lv\/wp-json\/wp\/v2\/media?parent=18533"}],"wp:term":[{"taxonomy":"product_cat","embeddable":true,"href":"https:\/\/bico.ee\/lv\/wp-json\/wp\/v2\/product_cat?post=18533"},{"taxonomy":"product_tag","embeddable":true,"href":"https:\/\/bico.ee\/lv\/wp-json\/wp\/v2\/product_tag?post=18533"}],"curies":[{"name":"wp","href":"https:\/\/api.w.org\/{rel}","templated":true}]}}