{"id":18559,"date":"2026-04-24T07:43:55","date_gmt":"2026-04-24T07:43:55","guid":{"rendered":""},"modified":"2026-04-24T07:43:55","modified_gmt":"2026-04-24T07:43:55","slug":"bico-orleansi-kristallidega-ripats-pave-fleur-de-lis-pv2","status":"publish","type":"product","link":"https:\/\/bico.ee\/lv\/p\/bico-orleans-pave-fleur-de-lis-kulons-ar-kristaliem-pv2\/","title":{"rendered":"Bico &#8220;Orleans&#8221; Pave Fleur De Lis kulons ar krist\u0101liem (PV2)"},"content":{"rendered":"<p>Faux Pave piekari\u0146i, kas rad\u012bti, atsevi\u0161\u0137i ievietojot sve\u0137u pamatn\u0113 vair\u0101k nek\u0101 100 <\/LI><LI>autentiskus Swarovski krist\u0101lus. <BR><UL><LI>Nosaukums: Orleans <\/LI><LI>Noz\u012bme: gars un sirds p\u0101rvar vair\u0101k nek\u0101 100 <\/LI><LI>autentiskus Swarovski krist\u0101lus, kas atsevi\u0161\u0137i ievietoti katr\u0101 piekari\u0146\u0101 Pieejam\u0101s kr\u0101sas: zila, melna, sarkana, gai\u0161i zila, roz\u0101, skaidra. Kulona platums: 2,6 cm garums: 3,1 cm cilpas diametrs: 5 mm<\/p>","protected":false},"excerpt":{"rendered":"<p>PV2 0<\/p>\n","protected":false},"featured_media":18560,"template":"","meta":[],"product_cat":[277,291],"product_tag":[],"_links":{"self":[{"href":"https:\/\/bico.ee\/lv\/wp-json\/wp\/v2\/product\/18559"}],"collection":[{"href":"https:\/\/bico.ee\/lv\/wp-json\/wp\/v2\/product"}],"about":[{"href":"https:\/\/bico.ee\/lv\/wp-json\/wp\/v2\/types\/product"}],"wp:featuredmedia":[{"embeddable":true,"href":"https:\/\/bico.ee\/lv\/wp-json\/wp\/v2\/media\/18560"}],"wp:attachment":[{"href":"https:\/\/bico.ee\/lv\/wp-json\/wp\/v2\/media?parent=18559"}],"wp:term":[{"taxonomy":"product_cat","embeddable":true,"href":"https:\/\/bico.ee\/lv\/wp-json\/wp\/v2\/product_cat?post=18559"},{"taxonomy":"product_tag","embeddable":true,"href":"https:\/\/bico.ee\/lv\/wp-json\/wp\/v2\/product_tag?post=18559"}],"curies":[{"name":"wp","href":"https:\/\/api.w.org\/{rel}","templated":true}]}}