{"id":18561,"date":"2026-04-10T18:43:58","date_gmt":"2026-04-10T18:43:58","guid":{"rendered":""},"modified":"2026-04-10T18:43:58","modified_gmt":"2026-04-10T18:43:58","slug":"bico-kingdom-kristallidega-kristallidega-ripats-pv3","status":"publish","type":"product","link":"https:\/\/bico.ee\/lv\/p\/bico-kingdom-pave-crown-kulons-ar-kristaliem-pv3\/","title":{"rendered":"Bico &#8220;Kingdom&#8221; Pave Crown kulons ar krist\u0101liem (PV3)"},"content":{"rendered":"<p>Faux Pave piekari\u0146i, kas rad\u012bti, sve\u0137u pamatn\u0113 atsevi\u0161\u0137i iestr\u0101d\u0101jot vair\u0101k nek\u0101 70 <\/LI><LI>autentiskus Swarovski krist\u0101lus. <BR><UL><LI>Nosaukums: Karaliste <\/LI><LI>Noz\u012bme: Es esmu mana karaliste Katr\u0101 piekari\u0146\u0101 atsevi\u0161\u0137i ievietoti vair\u0101k nek\u0101 70 <\/LI><LI> Autentiski Swarovski krist\u0101li Pieejam\u0101s kr\u0101sas: zila, melna, sarkana, gai\u0161i zila, roz\u0101, skaidra. Kulona platums: 3.3 cm Garums: 3.3 cm Cilpas diametrs: 6.5 mm<\/p>","protected":false},"excerpt":{"rendered":"<p>PV3 0<\/p>\n","protected":false},"featured_media":18562,"template":"","meta":[],"product_cat":[277,291],"product_tag":[],"_links":{"self":[{"href":"https:\/\/bico.ee\/lv\/wp-json\/wp\/v2\/product\/18561"}],"collection":[{"href":"https:\/\/bico.ee\/lv\/wp-json\/wp\/v2\/product"}],"about":[{"href":"https:\/\/bico.ee\/lv\/wp-json\/wp\/v2\/types\/product"}],"wp:featuredmedia":[{"embeddable":true,"href":"https:\/\/bico.ee\/lv\/wp-json\/wp\/v2\/media\/18562"}],"wp:attachment":[{"href":"https:\/\/bico.ee\/lv\/wp-json\/wp\/v2\/media?parent=18561"}],"wp:term":[{"taxonomy":"product_cat","embeddable":true,"href":"https:\/\/bico.ee\/lv\/wp-json\/wp\/v2\/product_cat?post=18561"},{"taxonomy":"product_tag","embeddable":true,"href":"https:\/\/bico.ee\/lv\/wp-json\/wp\/v2\/product_tag?post=18561"}],"curies":[{"name":"wp","href":"https:\/\/api.w.org\/{rel}","templated":true}]}}