{"id":18565,"date":"2026-04-10T18:43:58","date_gmt":"2026-04-10T18:43:58","guid":{"rendered":""},"modified":"2026-04-10T18:43:58","modified_gmt":"2026-04-10T18:43:58","slug":"bico-voluptas-kristallidega-liblikas-ripats-pv5","status":"publish","type":"product","link":"https:\/\/bico.ee\/lv\/p\/bico-voluptas-taurinu-kulons-ar-kristaliem-pv5\/","title":{"rendered":"Bico &#8220;Voluptas&#8221; tauri\u0146u kulons ar krist\u0101liem (PV5)"},"content":{"rendered":"<p>Faux Pave piekari\u0146i, kas rad\u012bti, atsevi\u0161\u0137i ievietojot sve\u0137u pamatn\u0113 vair\u0101k nek\u0101 120 <\/LI><LI>autentiskus Swarovski krist\u0101lus. <BR><UL><LI>Nosaukums: Voluptas <\/LI><LI>Noz\u012bme: Jutekliska dz\u012bve un m\u012blest\u012bba Vair\u0101k nek\u0101 120 <\/LI><LI>autentisku Swarovski krist\u0101lu, atsevi\u0161\u0137i ievietoti katr\u0101 piekari\u0146\u0101 Pieejam\u0101s kr\u0101sas: zila, melna, sarkana, gai\u0161i zila, roz\u0101, skaidra. Kulona platums: 2,8 cm garums: 2,9 cm cilpas diametrs: 5 mm<\/p>","protected":false},"excerpt":{"rendered":"<p>PV5 0<\/p>\n","protected":false},"featured_media":18566,"template":"","meta":[],"product_cat":[277,291],"product_tag":[],"_links":{"self":[{"href":"https:\/\/bico.ee\/lv\/wp-json\/wp\/v2\/product\/18565"}],"collection":[{"href":"https:\/\/bico.ee\/lv\/wp-json\/wp\/v2\/product"}],"about":[{"href":"https:\/\/bico.ee\/lv\/wp-json\/wp\/v2\/types\/product"}],"wp:featuredmedia":[{"embeddable":true,"href":"https:\/\/bico.ee\/lv\/wp-json\/wp\/v2\/media\/18566"}],"wp:attachment":[{"href":"https:\/\/bico.ee\/lv\/wp-json\/wp\/v2\/media?parent=18565"}],"wp:term":[{"taxonomy":"product_cat","embeddable":true,"href":"https:\/\/bico.ee\/lv\/wp-json\/wp\/v2\/product_cat?post=18565"},{"taxonomy":"product_tag","embeddable":true,"href":"https:\/\/bico.ee\/lv\/wp-json\/wp\/v2\/product_tag?post=18565"}],"curies":[{"name":"wp","href":"https:\/\/api.w.org\/{rel}","templated":true}]}}