{"id":18569,"date":"2026-04-10T18:43:58","date_gmt":"2026-04-10T18:43:58","guid":{"rendered":""},"modified":"2026-04-10T18:43:58","modified_gmt":"2026-04-10T18:43:58","slug":"bico-wings-of-uriel-pave-angel-wings-ripats-kristallidega-pv7","status":"publish","type":"product","link":"https:\/\/bico.ee\/lv\/p\/bico-wings-of-uriel-pave-angel-wings-kulons-ar-kristaliem-pv7\/","title":{"rendered":"Bico &#8220;Wings Of Uriel&#8221; Pave Angel Wings kulons ar krist\u0101liem (PV7)"},"content":{"rendered":"<p>Faux Pave piekari\u0146i, kas rad\u012bti, sve\u0137u pamatn\u0113 atsevi\u0161\u0137i iestr\u0101d\u0101jot vair\u0101k nek\u0101 60 <\/LI><LI>autentiskus Swarovski krist\u0101lus. <BR><UL><LI>Nosaukums: Uriela sp\u0101rni <\/LI><LI>Noz\u012bme: M\u012blest\u012bba ir mans liktenis Tu esi mans liktenis Vair\u0101k nek\u0101 60 <\/LI><LI>autentisku Swarovski krist\u0101lu, kas atsevi\u0161\u0137i ievietoti katr\u0101 piekari\u0146\u0101 Pieejam\u0101s kr\u0101sas: zila, melna, sarkana, gai\u0161i zila, roz\u0101, skaidra. Kulona platums: 3,3 cm Garums: 4,1 cm Cilpas diametrs: 6,5 mm<\/p>","protected":false},"excerpt":{"rendered":"<p>PV7 0<\/p>\n","protected":false},"featured_media":18570,"template":"","meta":[],"product_cat":[277,291],"product_tag":[],"_links":{"self":[{"href":"https:\/\/bico.ee\/lv\/wp-json\/wp\/v2\/product\/18569"}],"collection":[{"href":"https:\/\/bico.ee\/lv\/wp-json\/wp\/v2\/product"}],"about":[{"href":"https:\/\/bico.ee\/lv\/wp-json\/wp\/v2\/types\/product"}],"wp:featuredmedia":[{"embeddable":true,"href":"https:\/\/bico.ee\/lv\/wp-json\/wp\/v2\/media\/18570"}],"wp:attachment":[{"href":"https:\/\/bico.ee\/lv\/wp-json\/wp\/v2\/media?parent=18569"}],"wp:term":[{"taxonomy":"product_cat","embeddable":true,"href":"https:\/\/bico.ee\/lv\/wp-json\/wp\/v2\/product_cat?post=18569"},{"taxonomy":"product_tag","embeddable":true,"href":"https:\/\/bico.ee\/lv\/wp-json\/wp\/v2\/product_tag?post=18569"}],"curies":[{"name":"wp","href":"https:\/\/api.w.org\/{rel}","templated":true}]}}