{"id":18571,"date":"2026-04-24T07:43:55","date_gmt":"2026-04-24T07:43:55","guid":{"rendered":""},"modified":"2026-04-24T07:43:55","modified_gmt":"2026-04-24T07:43:55","slug":"bico-ocean-celeste-pave-star-kristallidega-kalapuuk-pv8","status":"publish","type":"product","link":"https:\/\/bico.ee\/lv\/p\/bico-ocean-celeste-pave-star-zivju-kulons-ar-kristaliem-pv8\/","title":{"rendered":"Bico &#8220;Ocean Celeste&#8221; Pave Star zivju kulons ar krist\u0101liem (PV8)"},"content":{"rendered":"<p>Faux Pave piekari\u0146i, kas rad\u012bti, atsevi\u0161\u0137i ievietojot sve\u0137u pamatn\u0113 vair\u0101k nek\u0101 110 <\/LI><LI>autentiskus Swarovski krist\u0101lus. <BR><UL><LI>Nosaukums: Ocean Celeste <\/LI><LI>Noz\u012bme: Skaista m\u012bkla, m\u016bsu oke\u0101ns Vair\u0101k nek\u0101 110 <\/LI><LI>autentisku Swarovski krist\u0101lu, kas atsevi\u0161\u0137i ievietoti katr\u0101 piekari\u0146\u0101 Pieejam\u0101s kr\u0101sas: zila, melna, sarkana, gai\u0161i zila, roz\u0101, skaidra. Kulona platums: 3,4 cm garums: 3,4 cm cilpas diametrs: 5 mm<\/p>","protected":false},"excerpt":{"rendered":"<p>PV8 0<\/p>\n","protected":false},"featured_media":18572,"template":"","meta":[],"product_cat":[277,291],"product_tag":[],"_links":{"self":[{"href":"https:\/\/bico.ee\/lv\/wp-json\/wp\/v2\/product\/18571"}],"collection":[{"href":"https:\/\/bico.ee\/lv\/wp-json\/wp\/v2\/product"}],"about":[{"href":"https:\/\/bico.ee\/lv\/wp-json\/wp\/v2\/types\/product"}],"wp:featuredmedia":[{"embeddable":true,"href":"https:\/\/bico.ee\/lv\/wp-json\/wp\/v2\/media\/18572"}],"wp:attachment":[{"href":"https:\/\/bico.ee\/lv\/wp-json\/wp\/v2\/media?parent=18571"}],"wp:term":[{"taxonomy":"product_cat","embeddable":true,"href":"https:\/\/bico.ee\/lv\/wp-json\/wp\/v2\/product_cat?post=18571"},{"taxonomy":"product_tag","embeddable":true,"href":"https:\/\/bico.ee\/lv\/wp-json\/wp\/v2\/product_tag?post=18571"}],"curies":[{"name":"wp","href":"https:\/\/api.w.org\/{rel}","templated":true}]}}