{"id":18573,"date":"2026-04-10T18:43:58","date_gmt":"2026-04-10T18:43:58","guid":{"rendered":""},"modified":"2026-04-10T18:43:58","modified_gmt":"2026-04-10T18:43:58","slug":"bico-peace-cluster-kristallidega-ripats-pv11","status":"publish","type":"product","link":"https:\/\/bico.ee\/lv\/p\/bico-peace-cluster-pave-piekarins-ar-kristaliem-pv11\/","title":{"rendered":"Bico &#8220;Peace Cluster&#8221; Pave piekari\u0146\u0161 ar krist\u0101liem (PV11)"},"content":{"rendered":"<p>Faux Pave piekari\u0146i, kas rad\u012bti, sve\u0137u pamatn\u0113 atsevi\u0161\u0137i iestr\u0101d\u0101jot vair\u0101k nek\u0101 70 <\/LI><LI>autentiskus Swarovski krist\u0101lus. <BR><UL><LI>Nosaukums: Miera kopa <\/LI><LI>Noz\u012bme: apvienojiet cilv\u0113ku pasaules sp\u0113ku Vair\u0101k nek\u0101 70 <\/LI><LI>autentisku Swarovski krist\u0101lu, kas atsevi\u0161\u0137i ievietoti katr\u0101 piekari\u0146\u0101 Pieejam\u0101s kr\u0101sas: zila, melna, sarkana, gai\u0161i zila, roz\u0101, skaidra. Kulona platums: 3,1 cm Garums: 3,1 cm Cilpas diametrs: 6,5 mm<\/p>","protected":false},"excerpt":{"rendered":"<p>PV11 0<\/p>\n","protected":false},"featured_media":18574,"template":"","meta":[],"product_cat":[277,291],"product_tag":[],"_links":{"self":[{"href":"https:\/\/bico.ee\/lv\/wp-json\/wp\/v2\/product\/18573"}],"collection":[{"href":"https:\/\/bico.ee\/lv\/wp-json\/wp\/v2\/product"}],"about":[{"href":"https:\/\/bico.ee\/lv\/wp-json\/wp\/v2\/types\/product"}],"wp:featuredmedia":[{"embeddable":true,"href":"https:\/\/bico.ee\/lv\/wp-json\/wp\/v2\/media\/18574"}],"wp:attachment":[{"href":"https:\/\/bico.ee\/lv\/wp-json\/wp\/v2\/media?parent=18573"}],"wp:term":[{"taxonomy":"product_cat","embeddable":true,"href":"https:\/\/bico.ee\/lv\/wp-json\/wp\/v2\/product_cat?post=18573"},{"taxonomy":"product_tag","embeddable":true,"href":"https:\/\/bico.ee\/lv\/wp-json\/wp\/v2\/product_tag?post=18573"}],"curies":[{"name":"wp","href":"https:\/\/api.w.org\/{rel}","templated":true}]}}