{"id":18575,"date":"2026-04-10T18:43:58","date_gmt":"2026-04-10T18:43:58","guid":{"rendered":""},"modified":"2026-04-10T18:43:58","modified_gmt":"2026-04-10T18:43:58","slug":"bico-crystal-darner-kristallidega-ripats-dragonfly-pv12","status":"publish","type":"product","link":"https:\/\/bico.ee\/lv\/p\/bico-crystal-darner-pave-sparu-kulons-ar-kristaliem-pv12\/","title":{"rendered":"Bico &#8220;Crystal Darner&#8221; Pave sp\u0101ru kulons ar krist\u0101liem (PV12)"},"content":{"rendered":"<p>Faux Pave piekari\u0146i, kas rad\u012bti, sve\u0137u pamatn\u0113 atsevi\u0161\u0137i iestr\u0101d\u0101jot vair\u0101k nek\u0101 90 <\/LI><LI>autentiskus Swarovski krist\u0101lus. <BR><UL><LI>Nosaukums: Crystal Darner <\/LI><LI>Noz\u012bme: Dz\u012bves un m\u012blest\u012bbas p\u0101rv\u0113rt\u012bbas Vair\u0101k nek\u0101 90 <\/LI><LI>autentisku Swarovski krist\u0101lu atsevi\u0161\u0137i ievietoti katr\u0101 piekari\u0146\u0101 Pieejam\u0101s kr\u0101sas: zila, melna, sarkana, gai\u0161i zila, roz\u0101, skaidra. Kulona platums: 2,9 cm garums: 3,3 cm cilpas diametrs: 5 mm<\/p>","protected":false},"excerpt":{"rendered":"<p>PV12 0<\/p>\n","protected":false},"featured_media":18576,"template":"","meta":[],"product_cat":[277,291],"product_tag":[],"_links":{"self":[{"href":"https:\/\/bico.ee\/lv\/wp-json\/wp\/v2\/product\/18575"}],"collection":[{"href":"https:\/\/bico.ee\/lv\/wp-json\/wp\/v2\/product"}],"about":[{"href":"https:\/\/bico.ee\/lv\/wp-json\/wp\/v2\/types\/product"}],"wp:featuredmedia":[{"embeddable":true,"href":"https:\/\/bico.ee\/lv\/wp-json\/wp\/v2\/media\/18576"}],"wp:attachment":[{"href":"https:\/\/bico.ee\/lv\/wp-json\/wp\/v2\/media?parent=18575"}],"wp:term":[{"taxonomy":"product_cat","embeddable":true,"href":"https:\/\/bico.ee\/lv\/wp-json\/wp\/v2\/product_cat?post=18575"},{"taxonomy":"product_tag","embeddable":true,"href":"https:\/\/bico.ee\/lv\/wp-json\/wp\/v2\/product_tag?post=18575"}],"curies":[{"name":"wp","href":"https:\/\/api.w.org\/{rel}","templated":true}]}}