{"id":18577,"date":"2026-04-10T18:43:58","date_gmt":"2026-04-10T18:43:58","guid":{"rendered":""},"modified":"2026-04-10T18:43:58","modified_gmt":"2026-04-10T18:43:58","slug":"bico-prantsuse-liilia-kristallidega-ripats-cr1","status":"publish","type":"product","link":"https:\/\/bico.ee\/lv\/p\/bico-francijas-lilijas-kulons-ar-kristaliem-cr1\/","title":{"rendered":"Bico &#8220;Francijas lilijas&#8221; kulons ar krist\u0101liem (CR1)"},"content":{"rendered":"<p>Bico z\u012bmola kuloni, ikoniski un simboliski, rot\u0101ti ar <\/LI><LI> Autentiskiem Swarovski krist\u0101liem. <BR><UL><LI>Nosaukums: Fran\u010du lilija <\/LI><LI>Noz\u012bme: Mistisk\u0101 dz\u012bv\u012bbas str\u016bklaka <\/LI><LI> Autentiski Swarovski krist\u0101li iestr\u0101d\u0101ti Biko unik\u0101li pabeigtaj\u0101 ori\u0123in\u0101laj\u0101 kulonu dizain\u0101 Pieejam\u0101s kr\u0101sas: zila, sarkana, gai\u0161i zila, roz\u0101, skaidra. Kulona platums: 2,7 cm Garums: 2,7 cm Cilpas diametrs: 5 mm<\/p>","protected":false},"excerpt":{"rendered":"<p>CR1 0<\/p>\n","protected":false},"featured_media":18578,"template":"","meta":[],"product_cat":[277,291],"product_tag":[],"_links":{"self":[{"href":"https:\/\/bico.ee\/lv\/wp-json\/wp\/v2\/product\/18577"}],"collection":[{"href":"https:\/\/bico.ee\/lv\/wp-json\/wp\/v2\/product"}],"about":[{"href":"https:\/\/bico.ee\/lv\/wp-json\/wp\/v2\/types\/product"}],"wp:featuredmedia":[{"embeddable":true,"href":"https:\/\/bico.ee\/lv\/wp-json\/wp\/v2\/media\/18578"}],"wp:attachment":[{"href":"https:\/\/bico.ee\/lv\/wp-json\/wp\/v2\/media?parent=18577"}],"wp:term":[{"taxonomy":"product_cat","embeddable":true,"href":"https:\/\/bico.ee\/lv\/wp-json\/wp\/v2\/product_cat?post=18577"},{"taxonomy":"product_tag","embeddable":true,"href":"https:\/\/bico.ee\/lv\/wp-json\/wp\/v2\/product_tag?post=18577"}],"curies":[{"name":"wp","href":"https:\/\/api.w.org\/{rel}","templated":true}]}}