{"id":18603,"date":"2026-04-10T18:43:58","date_gmt":"2026-04-10T18:43:58","guid":{"rendered":""},"modified":"2026-04-10T18:43:58","modified_gmt":"2026-04-10T18:43:58","slug":"bico-yamabuki-kristallidega-lilleripats-cr33","status":"publish","type":"product","link":"https:\/\/bico.ee\/lv\/p\/bico-yamabuki-ziedu-kulons-ar-kristaliem-cr33\/","title":{"rendered":"Bico &#8220;Yamabuki&#8221; ziedu kulons ar krist\u0101liem (CR33)"},"content":{"rendered":"<p>Bico z\u012bmola kuloni, ikoniski un simboliski, rot\u0101ti ar <\/LI><LI> Autentiskiem Swarovski krist\u0101liem. <BR><UL><LI>Nosaukums: Yamabuki <\/LI><LI>Noz\u012bme: Skaista il\u016bzija, patiesi <\/LI><LI> Autentiski Swarovski krist\u0101li, kas iek\u013cauti Bico unik\u0101li pabeigtaj\u0101 ori\u0123in\u0101laj\u0101 kulonu dizain\u0101 Pieejam\u0101s kr\u0101sas: zila, sarkana, gai\u0161i zila, roz\u0101, skaidra. Kulona platums: 3,6 cm garums: 3,6 cm cilpas diametrs: 6,5 mm<\/p>","protected":false},"excerpt":{"rendered":"<p>CR33 0<\/p>\n","protected":false},"featured_media":18604,"template":"","meta":[],"product_cat":[277,291],"product_tag":[],"_links":{"self":[{"href":"https:\/\/bico.ee\/lv\/wp-json\/wp\/v2\/product\/18603"}],"collection":[{"href":"https:\/\/bico.ee\/lv\/wp-json\/wp\/v2\/product"}],"about":[{"href":"https:\/\/bico.ee\/lv\/wp-json\/wp\/v2\/types\/product"}],"wp:featuredmedia":[{"embeddable":true,"href":"https:\/\/bico.ee\/lv\/wp-json\/wp\/v2\/media\/18604"}],"wp:attachment":[{"href":"https:\/\/bico.ee\/lv\/wp-json\/wp\/v2\/media?parent=18603"}],"wp:term":[{"taxonomy":"product_cat","embeddable":true,"href":"https:\/\/bico.ee\/lv\/wp-json\/wp\/v2\/product_cat?post=18603"},{"taxonomy":"product_tag","embeddable":true,"href":"https:\/\/bico.ee\/lv\/wp-json\/wp\/v2\/product_tag?post=18603"}],"curies":[{"name":"wp","href":"https:\/\/api.w.org\/{rel}","templated":true}]}}