{"id":18625,"date":"2026-04-10T18:43:59","date_gmt":"2026-04-10T18:43:59","guid":{"rendered":""},"modified":"2026-04-10T18:43:59","modified_gmt":"2026-04-10T18:43:59","slug":"bico-kristallidega-ripats-seahorse-cr47","status":"publish","type":"product","link":"https:\/\/bico.ee\/lv\/p\/bico-seahorse-kulons-ar-kristaliem-cr47\/","title":{"rendered":"Bico &#8220;Seahorse&#8221; kulons ar krist\u0101liem (CR47)"},"content":{"rendered":"<p>Bico z\u012bmola kuloni, ikoniski un simboliski, rot\u0101ti ar <\/LI><LI> Autentiskiem Swarovski krist\u0101liem. <BR><UL><LI>Nosaukums: J\u016bras zirdzi\u0146\u0161 <\/LI><LI>Noz\u012bme: Kaisl\u012bba ir j\u016bra, laim\u012bgie <\/LI><LI> Autentiskie Swarovski krist\u0101li iestr\u0101d\u0101ti Bico unik\u0101li pabeigtaj\u0101 ori\u0123in\u0101laj\u0101 kulonu dizain\u0101 Pieejam\u0101s kr\u0101sas: zila, sarkana, gai\u0161i zila, roz\u0101, skaidra. Kulona platums: 1,2 cm garums: 3,6 cm cilpas diametrs: 5 mm<\/p>","protected":false},"excerpt":{"rendered":"<p>CR47 0<\/p>\n","protected":false},"featured_media":18626,"template":"","meta":[],"product_cat":[277,291],"product_tag":[],"_links":{"self":[{"href":"https:\/\/bico.ee\/lv\/wp-json\/wp\/v2\/product\/18625"}],"collection":[{"href":"https:\/\/bico.ee\/lv\/wp-json\/wp\/v2\/product"}],"about":[{"href":"https:\/\/bico.ee\/lv\/wp-json\/wp\/v2\/types\/product"}],"wp:featuredmedia":[{"embeddable":true,"href":"https:\/\/bico.ee\/lv\/wp-json\/wp\/v2\/media\/18626"}],"wp:attachment":[{"href":"https:\/\/bico.ee\/lv\/wp-json\/wp\/v2\/media?parent=18625"}],"wp:term":[{"taxonomy":"product_cat","embeddable":true,"href":"https:\/\/bico.ee\/lv\/wp-json\/wp\/v2\/product_cat?post=18625"},{"taxonomy":"product_tag","embeddable":true,"href":"https:\/\/bico.ee\/lv\/wp-json\/wp\/v2\/product_tag?post=18625"}],"curies":[{"name":"wp","href":"https:\/\/api.w.org\/{rel}","templated":true}]}}