{"id":18633,"date":"2026-04-10T18:43:59","date_gmt":"2026-04-10T18:43:59","guid":{"rendered":""},"modified":"2026-04-10T18:43:59","modified_gmt":"2026-04-10T18:43:59","slug":"bico-octopus-kristallidega-ripats-cr51","status":"publish","type":"product","link":"https:\/\/bico.ee\/lv\/p\/bico-astonkajis-kulons-ar-kristaliem-cr51\/","title":{"rendered":"Bico &#8220;Asto\u0146k\u0101jis&#8221; kulons ar krist\u0101liem (CR51)"},"content":{"rendered":"<p>Bico z\u012bmola kuloni, ikoniski un simboliski, rot\u0101ti ar <\/LI><LI> Autentiskiem Swarovski krist\u0101liem. <BR><UL><LI>Nosaukums: Asto\u0146k\u0101jis <\/LI><LI>Noz\u012bme: Piel\u0101gojams dz\u012bv\u0113 Inteli\u0123enti <\/LI><LI> Autentiski Swarovski krist\u0101li, kas iek\u013cauti Bico unik\u0101li pabeigtaj\u0101 ori\u0123in\u0101laj\u0101 kulonu dizain\u0101 Pieejam\u0101s kr\u0101sas: zila, gai\u0161i zila, roz\u0101, skaidra. Kulona platums: 1,7 cm garums: 3,5 cm cilpas diametrs: 5 mm<\/p>","protected":false},"excerpt":{"rendered":"<p>CR51 0<\/p>\n","protected":false},"featured_media":18634,"template":"","meta":[],"product_cat":[277,291],"product_tag":[],"_links":{"self":[{"href":"https:\/\/bico.ee\/lv\/wp-json\/wp\/v2\/product\/18633"}],"collection":[{"href":"https:\/\/bico.ee\/lv\/wp-json\/wp\/v2\/product"}],"about":[{"href":"https:\/\/bico.ee\/lv\/wp-json\/wp\/v2\/types\/product"}],"wp:featuredmedia":[{"embeddable":true,"href":"https:\/\/bico.ee\/lv\/wp-json\/wp\/v2\/media\/18634"}],"wp:attachment":[{"href":"https:\/\/bico.ee\/lv\/wp-json\/wp\/v2\/media?parent=18633"}],"wp:term":[{"taxonomy":"product_cat","embeddable":true,"href":"https:\/\/bico.ee\/lv\/wp-json\/wp\/v2\/product_cat?post=18633"},{"taxonomy":"product_tag","embeddable":true,"href":"https:\/\/bico.ee\/lv\/wp-json\/wp\/v2\/product_tag?post=18633"}],"curies":[{"name":"wp","href":"https:\/\/api.w.org\/{rel}","templated":true}]}}