{"id":18635,"date":"2026-04-10T18:43:59","date_gmt":"2026-04-10T18:43:59","guid":{"rendered":""},"modified":"2026-04-10T18:43:59","modified_gmt":"2026-04-10T18:43:59","slug":"bico-kristallidega-ripats-kangekaelne-suda-cr52","status":"publish","type":"product","link":"https:\/\/bico.ee\/lv\/p\/bico-spitigas-sirds-kulons-ar-kristaliem-cr52\/","title":{"rendered":"Bico &#8220;sp\u012bt\u012bg\u0101s sirds&#8221; kulons ar krist\u0101liem (CR52)"},"content":{"rendered":"<p>Bico z\u012bmola kuloni, ikoniski un simboliski, rot\u0101ti ar <\/LI><LI> Autentiskiem Swarovski krist\u0101liem. <BR><UL><LI>Nosaukums: sp\u012bt\u012bga sirds <\/LI><LI>Noz\u012bme: Sarg\u0101ta sirds <\/LI><LI> Autentiski Swarovski krist\u0101li, kas iestr\u0101d\u0101ti Bico unik\u0101li pabeigtaj\u0101 ori\u0123in\u0101laj\u0101 kulonu dizain\u0101 Pieejam\u0101s kr\u0101sas: zila, gai\u0161i zila, roz\u0101, dzidra. Kulona platums: 3,6 cm garums: 3,7 cm cilpas diametrs: 5 mm<\/p>","protected":false},"excerpt":{"rendered":"<p>CR52 0<\/p>\n","protected":false},"featured_media":18636,"template":"","meta":[],"product_cat":[277,291],"product_tag":[],"_links":{"self":[{"href":"https:\/\/bico.ee\/lv\/wp-json\/wp\/v2\/product\/18635"}],"collection":[{"href":"https:\/\/bico.ee\/lv\/wp-json\/wp\/v2\/product"}],"about":[{"href":"https:\/\/bico.ee\/lv\/wp-json\/wp\/v2\/types\/product"}],"wp:featuredmedia":[{"embeddable":true,"href":"https:\/\/bico.ee\/lv\/wp-json\/wp\/v2\/media\/18636"}],"wp:attachment":[{"href":"https:\/\/bico.ee\/lv\/wp-json\/wp\/v2\/media?parent=18635"}],"wp:term":[{"taxonomy":"product_cat","embeddable":true,"href":"https:\/\/bico.ee\/lv\/wp-json\/wp\/v2\/product_cat?post=18635"},{"taxonomy":"product_tag","embeddable":true,"href":"https:\/\/bico.ee\/lv\/wp-json\/wp\/v2\/product_tag?post=18635"}],"curies":[{"name":"wp","href":"https:\/\/api.w.org\/{rel}","templated":true}]}}