{"id":18667,"date":"2026-04-10T18:43:59","date_gmt":"2026-04-10T18:43:59","guid":{"rendered":""},"modified":"2026-04-10T18:43:59","modified_gmt":"2026-04-10T18:43:59","slug":"bico-petite-ripats-kristallidega-mv3-koos-ekstra-silmusega","status":"publish","type":"product","link":"https:\/\/bico.ee\/lv\/p\/bico-petite-kulons-ar-kristaliem-mv3-ar-papildu-cilpu\/","title":{"rendered":"Bico &#8220;Petite&#8221; kulons ar krist\u0101liem (MV3) ar papildu cilpu"},"content":{"rendered":"<p>Maz\u0101ks z\u012bmola Bico kulons, ikonisks un simbolisks, rot\u0101ts ar autentiskiem Swarovski krist\u0101liem. Autentiski Swarovski krist\u0101li, kas iek\u013cauti Bico unik\u0101li pabeigtaj\u0101 ori\u0123in\u0101laj\u0101 kulonu dizain\u0101. Piem\u0113rots maz\u0101kai Bico \u0137\u0113dei (F0, F1, F2, F3, F95 l\u012bdz F100) vai izmantojiet papildu cilpu, lai ietilptu gandr\u012bz jebkur\u0101 Bico aukl\u0101 vai piekari\u0146\u0101. \u0161is kulons ar citu liel\u0101ku Bico kulonu Pieejam\u0101s kr\u0101sas: zila, gai\u0161i zila, roz\u0101, skaidra. Kulona platums: 0,7 cm garums: 1,3 cm<\/p>","protected":false},"excerpt":{"rendered":"<p>MV3 0<\/p>\n","protected":false},"featured_media":18668,"template":"","meta":[],"product_cat":[277,292],"product_tag":[],"_links":{"self":[{"href":"https:\/\/bico.ee\/lv\/wp-json\/wp\/v2\/product\/18667"}],"collection":[{"href":"https:\/\/bico.ee\/lv\/wp-json\/wp\/v2\/product"}],"about":[{"href":"https:\/\/bico.ee\/lv\/wp-json\/wp\/v2\/types\/product"}],"wp:featuredmedia":[{"embeddable":true,"href":"https:\/\/bico.ee\/lv\/wp-json\/wp\/v2\/media\/18668"}],"wp:attachment":[{"href":"https:\/\/bico.ee\/lv\/wp-json\/wp\/v2\/media?parent=18667"}],"wp:term":[{"taxonomy":"product_cat","embeddable":true,"href":"https:\/\/bico.ee\/lv\/wp-json\/wp\/v2\/product_cat?post=18667"},{"taxonomy":"product_tag","embeddable":true,"href":"https:\/\/bico.ee\/lv\/wp-json\/wp\/v2\/product_tag?post=18667"}],"curies":[{"name":"wp","href":"https:\/\/api.w.org\/{rel}","templated":true}]}}