{"id":18717,"date":"2026-04-10T18:43:59","date_gmt":"2026-04-10T18:43:59","guid":{"rendered":""},"modified":"2026-04-10T18:43:59","modified_gmt":"2026-04-10T18:43:59","slug":"bico-fire-kaelakee-f37-5mm-3-16","status":"publish","type":"product","link":"https:\/\/bico.ee\/lv\/p\/bico-uguns-kedes-kaklarota-f37-5mm-3-16\/","title":{"rendered":"Bico &#8220;Uguns \u0137\u0113des&#8221; kaklarota (F37) 5mm 3\/16\u2033"},"content":{"rendered":"<p>\u0160\u012b \u0137\u0113de ir izgatavota no cieta misi\u0146a, nevis t\u0113rauda vai cinka, piem\u0113ram, l\u0113t\u0101kas \u0137\u0113des. \u0136\u0113de ir p\u0101rkl\u0101ta ar t\u012bru sudrabu, oksid\u0113ta, mat\u0113ta ar rok\u0101m, p\u0113c tam p\u0101rkl\u0101ta ar augst\u0101k\u0101s klases aizsargk\u0101rtu, lai pagarin\u0101tu nodiluma laiku. Katra \u0137\u0113de ir izgatavota no cieta misi\u0146a, p\u0113c tam p\u0101rkl\u0101ta ar sudrabu un pul\u0113ta ar rok\u0101m, lai rad\u012btu unik\u0101lu oksid\u0113tu sat\u012bna apdari. Pieejamie garumi: 40, 45, 50 un 55 cm Bico pied\u0101v\u0101 virkni ori\u0123in\u0101lu kulonu, lai pabeigtu komplektu.<\/p>","protected":false},"excerpt":{"rendered":"<p>F37 0<\/p>\n","protected":false},"featured_media":18718,"template":"","meta":[],"product_cat":[199],"product_tag":[],"_links":{"self":[{"href":"https:\/\/bico.ee\/lv\/wp-json\/wp\/v2\/product\/18717"}],"collection":[{"href":"https:\/\/bico.ee\/lv\/wp-json\/wp\/v2\/product"}],"about":[{"href":"https:\/\/bico.ee\/lv\/wp-json\/wp\/v2\/types\/product"}],"wp:featuredmedia":[{"embeddable":true,"href":"https:\/\/bico.ee\/lv\/wp-json\/wp\/v2\/media\/18718"}],"wp:attachment":[{"href":"https:\/\/bico.ee\/lv\/wp-json\/wp\/v2\/media?parent=18717"}],"wp:term":[{"taxonomy":"product_cat","embeddable":true,"href":"https:\/\/bico.ee\/lv\/wp-json\/wp\/v2\/product_cat?post=18717"},{"taxonomy":"product_tag","embeddable":true,"href":"https:\/\/bico.ee\/lv\/wp-json\/wp\/v2\/product_tag?post=18717"}],"curies":[{"name":"wp","href":"https:\/\/api.w.org\/{rel}","templated":true}]}}