{"id":18745,"date":"2026-04-10T18:44:00","date_gmt":"2026-04-10T18:44:00","guid":{"rendered":""},"modified":"2026-04-10T18:44:00","modified_gmt":"2026-04-10T18:44:00","slug":"bico-snake-must-ketikaelakee-f100-must-3mm-1-8","status":"publish","type":"product","link":"https:\/\/bico.ee\/lv\/p\/bico-snake-melna-kedes-kaklarota-f100-melna-3mm-1-8\/","title":{"rendered":"Bico &#8220;Snake&#8221; meln\u0101 \u0137\u0113des kaklarota (F100 melna) 3mm 1\/8\u2033"},"content":{"rendered":"<p>\u0160\u012b \u0137\u0113de ir izgatavota no cieta misi\u0146a, nevis t\u0113rauda vai cinka, piem\u0113ram, l\u0113t\u0101kas \u0137\u0113des. \u0136\u0113de ir p\u0101rkl\u0101ta ar melnu apdari, pul\u0113ta ar rok\u0101m, p\u0113c tam p\u0101rkl\u0101ta ar augst\u0101k\u0101s klases aizsargk\u0101rtu, lai pagarin\u0101tu nodiluma laiku. Katra \u0137\u0113de ir izgatavota no cieta misi\u0146a un p\u0113c tam p\u0101rkl\u0101ta, lai izveidotu melnu apdari. Pieejamie garumi: 40, 45, 50 un 55 cm Bico pied\u0101v\u0101 virkni melnu gatavo Bico kulonu, lai pabeigtu komplektu.<\/p>","protected":false},"excerpt":{"rendered":"<p>F100BLK 0<\/p>\n","protected":false},"featured_media":18746,"template":"","meta":[],"product_cat":[302],"product_tag":[],"_links":{"self":[{"href":"https:\/\/bico.ee\/lv\/wp-json\/wp\/v2\/product\/18745"}],"collection":[{"href":"https:\/\/bico.ee\/lv\/wp-json\/wp\/v2\/product"}],"about":[{"href":"https:\/\/bico.ee\/lv\/wp-json\/wp\/v2\/types\/product"}],"wp:featuredmedia":[{"embeddable":true,"href":"https:\/\/bico.ee\/lv\/wp-json\/wp\/v2\/media\/18746"}],"wp:attachment":[{"href":"https:\/\/bico.ee\/lv\/wp-json\/wp\/v2\/media?parent=18745"}],"wp:term":[{"taxonomy":"product_cat","embeddable":true,"href":"https:\/\/bico.ee\/lv\/wp-json\/wp\/v2\/product_cat?post=18745"},{"taxonomy":"product_tag","embeddable":true,"href":"https:\/\/bico.ee\/lv\/wp-json\/wp\/v2\/product_tag?post=18745"}],"curies":[{"name":"wp","href":"https:\/\/api.w.org\/{rel}","templated":true}]}}