{"id":18761,"date":"2026-04-10T18:44:00","date_gmt":"2026-04-10T18:44:00","guid":{"rendered":""},"modified":"2026-04-10T18:44:00","modified_gmt":"2026-04-10T18:44:00","slug":"bico-snake-keti-kaelakee-ft106-4mm-5-32","status":"publish","type":"product","link":"https:\/\/bico.ee\/lv\/p\/bico-kedes-kaklarota-cuska-ft106-4mm-5-32\/","title":{"rendered":"Bico \u0137\u0113des kaklarota &#8220;\u010c\u016bska&#8221; (FT106) 4mm 5\/32\u2033"},"content":{"rendered":"<p>\u0160\u012b \u0137\u0113de ir izgatavota no cieta misi\u0146a, nevis t\u0113rauda vai cinka, piem\u0113ram, l\u0113t\u0101kas \u0137\u0113des. \u0136\u0113de ir p\u0101rkl\u0101ta ar t\u012bru sudrabu, oksid\u0113ta, pul\u0113ta ar rok\u0101m l\u012bdz sp\u012bd\u012bgai apdarei, p\u0113c tam p\u0101rkl\u0101ta ar augst\u0101k\u0101s klases aizsargk\u0101rtu, lai pagarin\u0101tu nodiluma laiku. Lieliski piem\u0113rots kombin\u0101cijai ar kulonu kl\u0101stu BICO BT un BTS. Katra \u0137\u0113de ir izgatavota no cieta misi\u0146a un p\u0113c tam p\u0101rkl\u0101ta ar t\u012bra sudraba sl\u0101ni. Pieejams ar\u012b ar sat\u012bna sudraba apdari (F14 \u0137\u0113de) vai sp\u012bd\u012bgu melnu apdari (\u0137\u0113de F14BLK) Pieejamie garumi: 40, 45, 50 un 55 cm Bico pied\u0101v\u0101 virkni pul\u0113tu BT kulonu, lai pabeigtu komplektu.<\/p>","protected":false},"excerpt":{"rendered":"<p>FT106 0<\/p>\n","protected":false},"featured_media":26408,"template":"","meta":[],"product_cat":[204],"product_tag":[],"_links":{"self":[{"href":"https:\/\/bico.ee\/lv\/wp-json\/wp\/v2\/product\/18761"}],"collection":[{"href":"https:\/\/bico.ee\/lv\/wp-json\/wp\/v2\/product"}],"about":[{"href":"https:\/\/bico.ee\/lv\/wp-json\/wp\/v2\/types\/product"}],"wp:featuredmedia":[{"embeddable":true,"href":"https:\/\/bico.ee\/lv\/wp-json\/wp\/v2\/media\/26408"}],"wp:attachment":[{"href":"https:\/\/bico.ee\/lv\/wp-json\/wp\/v2\/media?parent=18761"}],"wp:term":[{"taxonomy":"product_cat","embeddable":true,"href":"https:\/\/bico.ee\/lv\/wp-json\/wp\/v2\/product_cat?post=18761"},{"taxonomy":"product_tag","embeddable":true,"href":"https:\/\/bico.ee\/lv\/wp-json\/wp\/v2\/product_tag?post=18761"}],"curies":[{"name":"wp","href":"https:\/\/api.w.org\/{rel}","templated":true}]}}